{"id":145,"date":"2024-07-19T12:53:49","date_gmt":"2024-07-19T12:53:49","guid":{"rendered":"http:\/\/bl-consultants.net\/?page_id=145"},"modified":"2025-01-31T11:00:38","modified_gmt":"2025-01-31T11:00:38","slug":"partner-netzwerk","status":"publish","type":"page","link":"https:\/\/bl-consultants.net\/de\/partner-netzwerk\/","title":{"rendered":"Partner Netzwerk"},"content":{"rendered":"\n<div class=\"wp-block-columns is-layout-flex wp-container-core-columns-is-layout-1 wp-block-columns-is-layout-flex\">\n<div class=\"wp-block-column is-layout-flow wp-block-column-is-layout-flow\">\n<figure class=\"wp-block-image size-full\"><img loading=\"lazy\" decoding=\"async\" width=\"983\" height=\"655\" src=\"https:\/\/bl-consultants.net\/wp-content\/uploads\/2025\/01\/gisa-garmer-Kopie.webp\" alt=\"\" class=\"wp-image-845\" style=\"aspect-ratio:3\/2;object-fit:cover\" srcset=\"https:\/\/bl-consultants.net\/wp-content\/uploads\/2025\/01\/gisa-garmer-Kopie.webp 983w, https:\/\/bl-consultants.net\/wp-content\/uploads\/2025\/01\/gisa-garmer-Kopie-300x200.webp 300w, https:\/\/bl-consultants.net\/wp-content\/uploads\/2025\/01\/gisa-garmer-Kopie-768x512.webp 768w, https:\/\/bl-consultants.net\/wp-content\/uploads\/2025\/01\/gisa-garmer-Kopie-18x12.webp 18w\" sizes=\"auto, (max-width: 767px) 89vw, (max-width: 1000px) 54vw, (max-width: 1071px) 543px, 580px\" \/><\/figure>\n\n\n\n<p><a href=\"\/partner-netzwerk\/partner-gisa-garmer\">Gisa Garmer<\/a><\/p>\n\n\n\n<p>Erfahrene Entwicklungsgestalterin f\u00fcr co-kreative Prozesse und professionelle Change-Begleitung f\u00fcr Menschen statt f\u00fcr \u201eMenschliche Ressourcen\u201c<\/p>\n<\/div>\n\n\n\n<div class=\"wp-block-column is-layout-flow wp-block-column-is-layout-flow\">\n<p><\/p>\n<\/div>\n<\/div>\n\n\n\n<p><\/p>\n","protected":false},"excerpt":{"rendered":"<p>Gisa Garmer Erfahrene Entwicklungsgestalterin f\u00fcr co-kreative Prozesse und professionelle Change-Begleitung f\u00fcr Menschen statt f\u00fcr \u201eMenschliche Ressourcen\u201c<\/p>\n","protected":false},"author":1,"featured_media":0,"parent":0,"menu_order":0,"comment_status":"closed","ping_status":"closed","template":"","meta":{"footnotes":""},"class_list":["post-145","page","type-page","status-publish","hentry"],"yoast_head":"<!-- This site is optimized with the Yoast SEO plugin v26.8 - https:\/\/yoast.com\/product\/yoast-seo-wordpress\/ -->\n<title>Partner Netzwerk - Burkhard Lahr Consultants<\/title>\n<meta name=\"robots\" content=\"index, follow, max-snippet:-1, max-image-preview:large, max-video-preview:-1\" \/>\n<link rel=\"canonical\" href=\"https:\/\/bl-consultants.net\/de\/partner-netzwerk\/\" \/>\n<meta property=\"og:locale\" content=\"de_DE\" \/>\n<meta property=\"og:type\" content=\"article\" \/>\n<meta property=\"og:title\" content=\"Partner Netzwerk - Burkhard Lahr Consultants\" \/>\n<meta property=\"og:description\" content=\"Gisa Garmer Erfahrene Entwicklungsgestalterin f\u00fcr co-kreative Prozesse und professionelle Change-Begleitung f\u00fcr Menschen statt f\u00fcr \u201eMenschliche Ressourcen\u201c\" \/>\n<meta property=\"og:url\" content=\"https:\/\/bl-consultants.net\/de\/partner-netzwerk\/\" \/>\n<meta property=\"og:site_name\" content=\"Burkhard Lahr Consultants\" \/>\n<meta property=\"article:modified_time\" content=\"2025-01-31T11:00:38+00:00\" \/>\n<meta property=\"og:image\" content=\"https:\/\/bl-consultants.net\/wp-content\/uploads\/2025\/01\/gisa-garmer-Kopie.webp\" \/>\n\t<meta property=\"og:image:width\" content=\"983\" \/>\n\t<meta property=\"og:image:height\" content=\"655\" \/>\n\t<meta property=\"og:image:type\" content=\"image\/jpeg\" \/>\n<meta name=\"twitter:card\" content=\"summary_large_image\" \/>\n<meta name=\"twitter:label1\" content=\"Gesch\u00e4tzte Lesezeit\" \/>\n\t<meta name=\"twitter:data1\" content=\"1\u00a0Minute\" \/>\n<script type=\"application\/ld+json\" class=\"yoast-schema-graph\">{\"@context\":\"https:\/\/schema.org\",\"@graph\":[{\"@type\":\"WebPage\",\"@id\":\"https:\/\/bl-consultants.net\/partner-netzwerk\/\",\"url\":\"https:\/\/bl-consultants.net\/partner-netzwerk\/\",\"name\":\"Partner Netzwerk - Burkhard Lahr Consultants\",\"isPartOf\":{\"@id\":\"https:\/\/bl-consultants.net\/#website\"},\"primaryImageOfPage\":{\"@id\":\"https:\/\/bl-consultants.net\/partner-netzwerk\/#primaryimage\"},\"image\":{\"@id\":\"https:\/\/bl-consultants.net\/partner-netzwerk\/#primaryimage\"},\"thumbnailUrl\":\"https:\/\/bl-consultants.net\/wp-content\/uploads\/2025\/01\/gisa-garmer-Kopie.webp\",\"datePublished\":\"2024-07-19T12:53:49+00:00\",\"dateModified\":\"2025-01-31T11:00:38+00:00\",\"breadcrumb\":{\"@id\":\"https:\/\/bl-consultants.net\/partner-netzwerk\/#breadcrumb\"},\"inLanguage\":\"de\",\"potentialAction\":[{\"@type\":\"ReadAction\",\"target\":[\"https:\/\/bl-consultants.net\/partner-netzwerk\/\"]}]},{\"@type\":\"ImageObject\",\"inLanguage\":\"de\",\"@id\":\"https:\/\/bl-consultants.net\/partner-netzwerk\/#primaryimage\",\"url\":\"https:\/\/bl-consultants.net\/wp-content\/uploads\/2025\/01\/gisa-garmer-Kopie.webp\",\"contentUrl\":\"https:\/\/bl-consultants.net\/wp-content\/uploads\/2025\/01\/gisa-garmer-Kopie.webp\"},{\"@type\":\"BreadcrumbList\",\"@id\":\"https:\/\/bl-consultants.net\/partner-netzwerk\/#breadcrumb\",\"itemListElement\":[{\"@type\":\"ListItem\",\"position\":1,\"name\":\"Startseite\",\"item\":\"https:\/\/bl-consultants.net\/\"},{\"@type\":\"ListItem\",\"position\":2,\"name\":\"Partner Netzwerk\"}]},{\"@type\":\"WebSite\",\"@id\":\"https:\/\/bl-consultants.net\/#website\",\"url\":\"https:\/\/bl-consultants.net\/\",\"name\":\"Burkhard Lahr Consultants\",\"description\":\"\",\"publisher\":{\"@id\":\"https:\/\/bl-consultants.net\/#organization\"},\"potentialAction\":[{\"@type\":\"SearchAction\",\"target\":{\"@type\":\"EntryPoint\",\"urlTemplate\":\"https:\/\/bl-consultants.net\/?s={search_term_string}\"},\"query-input\":{\"@type\":\"PropertyValueSpecification\",\"valueRequired\":true,\"valueName\":\"search_term_string\"}}],\"inLanguage\":\"de\"},{\"@type\":\"Organization\",\"@id\":\"https:\/\/bl-consultants.net\/#organization\",\"name\":\"Burkhard Lahr Consultants\",\"url\":\"https:\/\/bl-consultants.net\/\",\"logo\":{\"@type\":\"ImageObject\",\"inLanguage\":\"de\",\"@id\":\"https:\/\/bl-consultants.net\/#\/schema\/logo\/image\/\",\"url\":\"https:\/\/bl-consultants.net\/wp-content\/uploads\/2024\/02\/cropped-BLC-Logo-weiss-auf-rot.png\",\"contentUrl\":\"https:\/\/bl-consultants.net\/wp-content\/uploads\/2024\/02\/cropped-BLC-Logo-weiss-auf-rot.png\",\"width\":512,\"height\":512,\"caption\":\"Burkhard Lahr Consultants\"},\"image\":{\"@id\":\"https:\/\/bl-consultants.net\/#\/schema\/logo\/image\/\"},\"sameAs\":[\"https:\/\/linkedin.com\/yoast\"]}]}<\/script>\n<!-- \/ Yoast SEO plugin. -->","yoast_head_json":{"title":"Partner Netzwerk - Burkhard Lahr Consultants","robots":{"index":"index","follow":"follow","max-snippet":"max-snippet:-1","max-image-preview":"max-image-preview:large","max-video-preview":"max-video-preview:-1"},"canonical":"https:\/\/bl-consultants.net\/de\/partner-netzwerk\/","og_locale":"de_DE","og_type":"article","og_title":"Partner Netzwerk - Burkhard Lahr Consultants","og_description":"Gisa Garmer Erfahrene Entwicklungsgestalterin f\u00fcr co-kreative Prozesse und professionelle Change-Begleitung f\u00fcr Menschen statt f\u00fcr \u201eMenschliche Ressourcen\u201c","og_url":"https:\/\/bl-consultants.net\/de\/partner-netzwerk\/","og_site_name":"Burkhard Lahr Consultants","article_modified_time":"2025-01-31T11:00:38+00:00","og_image":[{"width":983,"height":655,"url":"https:\/\/bl-consultants.net\/wp-content\/uploads\/2025\/01\/gisa-garmer-Kopie.webp","type":"image\/jpeg"}],"twitter_card":"summary_large_image","twitter_misc":{"Gesch\u00e4tzte Lesezeit":"1\u00a0Minute"},"schema":{"@context":"https:\/\/schema.org","@graph":[{"@type":"WebPage","@id":"https:\/\/bl-consultants.net\/partner-netzwerk\/","url":"https:\/\/bl-consultants.net\/partner-netzwerk\/","name":"Partner Netzwerk - Burkhard Lahr Consultants","isPartOf":{"@id":"https:\/\/bl-consultants.net\/#website"},"primaryImageOfPage":{"@id":"https:\/\/bl-consultants.net\/partner-netzwerk\/#primaryimage"},"image":{"@id":"https:\/\/bl-consultants.net\/partner-netzwerk\/#primaryimage"},"thumbnailUrl":"https:\/\/bl-consultants.net\/wp-content\/uploads\/2025\/01\/gisa-garmer-Kopie.webp","datePublished":"2024-07-19T12:53:49+00:00","dateModified":"2025-01-31T11:00:38+00:00","breadcrumb":{"@id":"https:\/\/bl-consultants.net\/partner-netzwerk\/#breadcrumb"},"inLanguage":"de","potentialAction":[{"@type":"ReadAction","target":["https:\/\/bl-consultants.net\/partner-netzwerk\/"]}]},{"@type":"ImageObject","inLanguage":"de","@id":"https:\/\/bl-consultants.net\/partner-netzwerk\/#primaryimage","url":"https:\/\/bl-consultants.net\/wp-content\/uploads\/2025\/01\/gisa-garmer-Kopie.webp","contentUrl":"https:\/\/bl-consultants.net\/wp-content\/uploads\/2025\/01\/gisa-garmer-Kopie.webp"},{"@type":"BreadcrumbList","@id":"https:\/\/bl-consultants.net\/partner-netzwerk\/#breadcrumb","itemListElement":[{"@type":"ListItem","position":1,"name":"Startseite","item":"https:\/\/bl-consultants.net\/"},{"@type":"ListItem","position":2,"name":"Partner Netzwerk"}]},{"@type":"WebSite","@id":"https:\/\/bl-consultants.net\/#website","url":"https:\/\/bl-consultants.net\/","name":"Burkhard Lahr Consultants","description":"","publisher":{"@id":"https:\/\/bl-consultants.net\/#organization"},"potentialAction":[{"@type":"SearchAction","target":{"@type":"EntryPoint","urlTemplate":"https:\/\/bl-consultants.net\/?s={search_term_string}"},"query-input":{"@type":"PropertyValueSpecification","valueRequired":true,"valueName":"search_term_string"}}],"inLanguage":"de"},{"@type":"Organization","@id":"https:\/\/bl-consultants.net\/#organization","name":"Burkhard Lahr Consultants","url":"https:\/\/bl-consultants.net\/","logo":{"@type":"ImageObject","inLanguage":"de","@id":"https:\/\/bl-consultants.net\/#\/schema\/logo\/image\/","url":"https:\/\/bl-consultants.net\/wp-content\/uploads\/2024\/02\/cropped-BLC-Logo-weiss-auf-rot.png","contentUrl":"https:\/\/bl-consultants.net\/wp-content\/uploads\/2024\/02\/cropped-BLC-Logo-weiss-auf-rot.png","width":512,"height":512,"caption":"Burkhard Lahr Consultants"},"image":{"@id":"https:\/\/bl-consultants.net\/#\/schema\/logo\/image\/"},"sameAs":["https:\/\/linkedin.com\/yoast"]}]}},"_links":{"self":[{"href":"https:\/\/bl-consultants.net\/de\/wp-json\/wp\/v2\/pages\/145","targetHints":{"allow":["GET"]}}],"collection":[{"href":"https:\/\/bl-consultants.net\/de\/wp-json\/wp\/v2\/pages"}],"about":[{"href":"https:\/\/bl-consultants.net\/de\/wp-json\/wp\/v2\/types\/page"}],"author":[{"embeddable":true,"href":"https:\/\/bl-consultants.net\/de\/wp-json\/wp\/v2\/users\/1"}],"replies":[{"embeddable":true,"href":"https:\/\/bl-consultants.net\/de\/wp-json\/wp\/v2\/comments?post=145"}],"version-history":[{"count":14,"href":"https:\/\/bl-consultants.net\/de\/wp-json\/wp\/v2\/pages\/145\/revisions"}],"predecessor-version":[{"id":846,"href":"https:\/\/bl-consultants.net\/de\/wp-json\/wp\/v2\/pages\/145\/revisions\/846"}],"wp:attachment":[{"href":"https:\/\/bl-consultants.net\/de\/wp-json\/wp\/v2\/media?parent=145"}],"curies":[{"name":"wp","href":"https:\/\/api.w.org\/{rel}","templated":true}]}}