{"id":168,"date":"2024-07-19T12:46:41","date_gmt":"2024-07-19T12:46:41","guid":{"rendered":"http:\/\/bl-consultants.net\/?page_id=168"},"modified":"2025-01-16T12:57:16","modified_gmt":"2025-01-16T12:57:16","slug":"zertifizierung-zum-lego-serious-play-facilitator","status":"publish","type":"page","link":"https:\/\/bl-consultants.net\/de\/lego-serious-play\/zertifizierung-zum-lego-serious-play-facilitator\/","title":{"rendered":"LEGO\u00ae SERIOUS PLAY\u00ae Facilitator"},"content":{"rendered":"\n<figure class=\"wp-block-image size-full\"><img loading=\"lazy\" decoding=\"async\" width=\"800\" height=\"255\" src=\"http:\/\/bl-consultants.net\/wp-content\/uploads\/2025\/01\/40516_alt18.webp\" alt=\"\" class=\"wp-image-497\" srcset=\"https:\/\/bl-consultants.net\/wp-content\/uploads\/2025\/01\/40516_alt18.webp 800w, https:\/\/bl-consultants.net\/wp-content\/uploads\/2025\/01\/40516_alt18-300x96.webp 300w, https:\/\/bl-consultants.net\/wp-content\/uploads\/2025\/01\/40516_alt18-768x245.webp 768w, https:\/\/bl-consultants.net\/wp-content\/uploads\/2025\/01\/40516_alt18-18x6.webp 18w\" sizes=\"auto, (max-width: 767px) 89vw, (max-width: 1000px) 54vw, (max-width: 1071px) 543px, 580px\" \/><\/figure>\n\n\n\n<p>Die <strong><a href=\"http:\/\/bl-consultants.net\/lego-serious-play\/\" data-type=\"page\" data-id=\"90\">LEGO\u00ae SERIOUS PLAY\u00ae<\/a><\/strong> (LSP) Methode ist ein <strong><a href=\"http:\/\/bl-consultants.net\/lego-serious-play\/moderierte-lego-serious-play-workshops\/\" data-type=\"page\" data-id=\"170\">moderierter Prozess<\/a><\/strong>, der darauf abzielt, Kommunikation zu erleichtern, kreatives Denken zu f\u00f6rdern und Probleml\u00f6sungen zu beschleunigen. Durch den Einsatz von LEGO-Steinen werden Gedanken und Ideen in dreidimensionalen Modellen visualisiert, was insbesondere in Unternehmenskontexten zur <strong>Entwicklung gemeinsamer Visionen, Werte und Prinzipien<\/strong> beitr\u00e4gt.&nbsp;<\/p>\n\n\n\n<p>Die Ausbildung zum <strong>zertifizierten LEGO\u00ae SERIOUS PLAY\u00ae<\/strong> <strong>Facilitator<\/strong> bef\u00e4higt dazu, eigene Workshops zu planen und durchzuf\u00fchren. In der Regel umfasst die Ausbildung ein intensives Training \u00fcber mehrere Tage, in dem sowohl <strong>theoretische Grundlagen<\/strong> als auch <strong>praktische Anwendungstechniken<\/strong> vermittelt werden. Dazu geh\u00f6ren unter anderem:<\/p>\n\n\n\n<ul class=\"wp-block-list\">\n<li>Vertiefte Einblicke in die wissenschaftlichen Grundlagen der Methode.<\/li>\n\n\n\n<li>Erlernen der Kernprozesse und Anwendungstechniken.<\/li>\n\n\n\n<li>Entwicklung von F\u00e4higkeiten zur Gestaltung und Moderation effektiver Workshops.<\/li>\n<\/ul>\n\n\n\n<p>Auf Wunsch bieten die Trainings zudem <strong>Unterst\u00fctzung<\/strong> bei den ersten Workshops nach der Zertifizierung an, um den Einstieg zu erleichtern.&nbsp;<\/p>\n\n\n\n<p>Die LSP Methode basiert auf umfangreicher Forschung in den Bereichen Business und Strategie, Organisationsentwicklung, Psychologie und Lernen. Sie nutzt das Konzept des &#8222;praktischen Wissens&#8220; und f\u00f6rdert durch den spielerischen Ansatz ein tieferes Verst\u00e4ndnis komplexer Themen.&nbsp;<\/p>\n\n\n\n<p>Durch die <strong>Ausbildung zum LSP Facilitator<\/strong> werden die Teilnehmer in die Lage versetzt, kreative und interaktive Workshops zu gestalten, die eine offene Kommunikation und innovative Probleml\u00f6sungen innerhalb von Teams und Organisationen f\u00f6rdern.<\/p>\n\n\n\n<p class=\"has-vivid-red-color has-text-color has-link-color wp-elements-bec66c6e401ded31880fc41c8df765c2\">Fragen Sie gleich Ihren individuellen Ausbildungstermin als Einzel- oder Gruppentraining an: info@bl-consultants.net<\/p>\n","protected":false},"excerpt":{"rendered":"<p>Die LEGO\u00ae SERIOUS PLAY\u00ae (LSP) Methode ist ein moderierter Prozess, der darauf abzielt, Kommunikation zu erleichtern, kreatives Denken zu f\u00f6rdern und Probleml\u00f6sungen zu beschleunigen. Durch den Einsatz von LEGO-Steinen werden &hellip; <\/p>\n<p class=\"link-more\"><a href=\"https:\/\/bl-consultants.net\/de\/lego-serious-play\/zertifizierung-zum-lego-serious-play-facilitator\/\" class=\"more-link\"><span class=\"screen-reader-text\">\u201eLEGO\u00ae SERIOUS PLAY\u00ae Facilitator\u201c<\/span> weiterlesen<\/a><\/p>\n","protected":false},"author":1,"featured_media":0,"parent":90,"menu_order":2,"comment_status":"closed","ping_status":"closed","template":"","meta":{"footnotes":""},"class_list":["post-168","page","type-page","status-publish","hentry"],"yoast_head":"<!-- This site is optimized with the Yoast SEO plugin v26.8 - https:\/\/yoast.com\/product\/yoast-seo-wordpress\/ -->\n<title>LEGO\u00ae SERIOUS PLAY\u00ae Facilitator - Burkhard Lahr Consultants<\/title>\n<meta name=\"robots\" content=\"index, follow, max-snippet:-1, max-image-preview:large, max-video-preview:-1\" \/>\n<link rel=\"canonical\" href=\"https:\/\/bl-consultants.net\/de\/lego-serious-play\/zertifizierung-zum-lego-serious-play-facilitator\/\" \/>\n<meta property=\"og:locale\" content=\"de_DE\" \/>\n<meta property=\"og:type\" content=\"article\" \/>\n<meta property=\"og:title\" content=\"LEGO\u00ae SERIOUS PLAY\u00ae Facilitator - Burkhard Lahr Consultants\" \/>\n<meta property=\"og:description\" content=\"Die LEGO\u00ae SERIOUS PLAY\u00ae (LSP) Methode ist ein moderierter Prozess, der darauf abzielt, Kommunikation zu erleichtern, kreatives Denken zu f\u00f6rdern und Probleml\u00f6sungen zu beschleunigen. Durch den Einsatz von LEGO-Steinen werden &hellip; \u201eLEGO\u00ae SERIOUS PLAY\u00ae Facilitator\u201c weiterlesen\" \/>\n<meta property=\"og:url\" content=\"https:\/\/bl-consultants.net\/de\/lego-serious-play\/zertifizierung-zum-lego-serious-play-facilitator\/\" \/>\n<meta property=\"og:site_name\" content=\"Burkhard Lahr Consultants\" \/>\n<meta property=\"article:modified_time\" content=\"2025-01-16T12:57:16+00:00\" \/>\n<meta property=\"og:image\" content=\"https:\/\/bl-consultants.net\/wp-content\/uploads\/2025\/01\/40516_alt18.webp\" \/>\n\t<meta property=\"og:image:width\" content=\"800\" \/>\n\t<meta property=\"og:image:height\" content=\"255\" \/>\n\t<meta property=\"og:image:type\" content=\"image\/webp\" \/>\n<meta name=\"twitter:card\" content=\"summary_large_image\" \/>\n<meta name=\"twitter:label1\" content=\"Gesch\u00e4tzte Lesezeit\" \/>\n\t<meta name=\"twitter:data1\" content=\"2\u00a0Minuten\" \/>\n<script type=\"application\/ld+json\" class=\"yoast-schema-graph\">{\"@context\":\"https:\/\/schema.org\",\"@graph\":[{\"@type\":\"WebPage\",\"@id\":\"https:\/\/bl-consultants.net\/lego-serious-play\/zertifizierung-zum-lego-serious-play-facilitator\/\",\"url\":\"https:\/\/bl-consultants.net\/lego-serious-play\/zertifizierung-zum-lego-serious-play-facilitator\/\",\"name\":\"LEGO\u00ae SERIOUS PLAY\u00ae Facilitator - Burkhard Lahr Consultants\",\"isPartOf\":{\"@id\":\"https:\/\/bl-consultants.net\/#website\"},\"primaryImageOfPage\":{\"@id\":\"https:\/\/bl-consultants.net\/lego-serious-play\/zertifizierung-zum-lego-serious-play-facilitator\/#primaryimage\"},\"image\":{\"@id\":\"https:\/\/bl-consultants.net\/lego-serious-play\/zertifizierung-zum-lego-serious-play-facilitator\/#primaryimage\"},\"thumbnailUrl\":\"http:\/\/bl-consultants.net\/wp-content\/uploads\/2025\/01\/40516_alt18.webp\",\"datePublished\":\"2024-07-19T12:46:41+00:00\",\"dateModified\":\"2025-01-16T12:57:16+00:00\",\"breadcrumb\":{\"@id\":\"https:\/\/bl-consultants.net\/lego-serious-play\/zertifizierung-zum-lego-serious-play-facilitator\/#breadcrumb\"},\"inLanguage\":\"de\",\"potentialAction\":[{\"@type\":\"ReadAction\",\"target\":[\"https:\/\/bl-consultants.net\/lego-serious-play\/zertifizierung-zum-lego-serious-play-facilitator\/\"]}]},{\"@type\":\"ImageObject\",\"inLanguage\":\"de\",\"@id\":\"https:\/\/bl-consultants.net\/lego-serious-play\/zertifizierung-zum-lego-serious-play-facilitator\/#primaryimage\",\"url\":\"http:\/\/bl-consultants.net\/wp-content\/uploads\/2025\/01\/40516_alt18.webp\",\"contentUrl\":\"http:\/\/bl-consultants.net\/wp-content\/uploads\/2025\/01\/40516_alt18.webp\"},{\"@type\":\"BreadcrumbList\",\"@id\":\"https:\/\/bl-consultants.net\/lego-serious-play\/zertifizierung-zum-lego-serious-play-facilitator\/#breadcrumb\",\"itemListElement\":[{\"@type\":\"ListItem\",\"position\":1,\"name\":\"Startseite\",\"item\":\"https:\/\/bl-consultants.net\/\"},{\"@type\":\"ListItem\",\"position\":2,\"name\":\"LEGO\u00ae SERIOUS PLAY\u00ae\",\"item\":\"https:\/\/bl-consultants.net\/lego-serious-play\/\"},{\"@type\":\"ListItem\",\"position\":3,\"name\":\"LEGO\u00ae SERIOUS PLAY\u00ae Facilitator\"}]},{\"@type\":\"WebSite\",\"@id\":\"https:\/\/bl-consultants.net\/#website\",\"url\":\"https:\/\/bl-consultants.net\/\",\"name\":\"Burkhard Lahr Consultants\",\"description\":\"\",\"publisher\":{\"@id\":\"https:\/\/bl-consultants.net\/#organization\"},\"potentialAction\":[{\"@type\":\"SearchAction\",\"target\":{\"@type\":\"EntryPoint\",\"urlTemplate\":\"https:\/\/bl-consultants.net\/?s={search_term_string}\"},\"query-input\":{\"@type\":\"PropertyValueSpecification\",\"valueRequired\":true,\"valueName\":\"search_term_string\"}}],\"inLanguage\":\"de\"},{\"@type\":\"Organization\",\"@id\":\"https:\/\/bl-consultants.net\/#organization\",\"name\":\"Burkhard Lahr Consultants\",\"url\":\"https:\/\/bl-consultants.net\/\",\"logo\":{\"@type\":\"ImageObject\",\"inLanguage\":\"de\",\"@id\":\"https:\/\/bl-consultants.net\/#\/schema\/logo\/image\/\",\"url\":\"https:\/\/bl-consultants.net\/wp-content\/uploads\/2024\/02\/cropped-BLC-Logo-weiss-auf-rot.png\",\"contentUrl\":\"https:\/\/bl-consultants.net\/wp-content\/uploads\/2024\/02\/cropped-BLC-Logo-weiss-auf-rot.png\",\"width\":512,\"height\":512,\"caption\":\"Burkhard Lahr Consultants\"},\"image\":{\"@id\":\"https:\/\/bl-consultants.net\/#\/schema\/logo\/image\/\"},\"sameAs\":[\"https:\/\/linkedin.com\/yoast\"]}]}<\/script>\n<!-- \/ Yoast SEO plugin. -->","yoast_head_json":{"title":"LEGO\u00ae SERIOUS PLAY\u00ae Facilitator - Burkhard Lahr Consultants","robots":{"index":"index","follow":"follow","max-snippet":"max-snippet:-1","max-image-preview":"max-image-preview:large","max-video-preview":"max-video-preview:-1"},"canonical":"https:\/\/bl-consultants.net\/de\/lego-serious-play\/zertifizierung-zum-lego-serious-play-facilitator\/","og_locale":"de_DE","og_type":"article","og_title":"LEGO\u00ae SERIOUS PLAY\u00ae Facilitator - Burkhard Lahr Consultants","og_description":"Die LEGO\u00ae SERIOUS PLAY\u00ae (LSP) Methode ist ein moderierter Prozess, der darauf abzielt, Kommunikation zu erleichtern, kreatives Denken zu f\u00f6rdern und Probleml\u00f6sungen zu beschleunigen. Durch den Einsatz von LEGO-Steinen werden &hellip; \u201eLEGO\u00ae SERIOUS PLAY\u00ae Facilitator\u201c weiterlesen","og_url":"https:\/\/bl-consultants.net\/de\/lego-serious-play\/zertifizierung-zum-lego-serious-play-facilitator\/","og_site_name":"Burkhard Lahr Consultants","article_modified_time":"2025-01-16T12:57:16+00:00","og_image":[{"width":800,"height":255,"url":"https:\/\/bl-consultants.net\/wp-content\/uploads\/2025\/01\/40516_alt18.webp","type":"image\/webp"}],"twitter_card":"summary_large_image","twitter_misc":{"Gesch\u00e4tzte Lesezeit":"2\u00a0Minuten"},"schema":{"@context":"https:\/\/schema.org","@graph":[{"@type":"WebPage","@id":"https:\/\/bl-consultants.net\/lego-serious-play\/zertifizierung-zum-lego-serious-play-facilitator\/","url":"https:\/\/bl-consultants.net\/lego-serious-play\/zertifizierung-zum-lego-serious-play-facilitator\/","name":"LEGO\u00ae SERIOUS PLAY\u00ae Facilitator - Burkhard Lahr Consultants","isPartOf":{"@id":"https:\/\/bl-consultants.net\/#website"},"primaryImageOfPage":{"@id":"https:\/\/bl-consultants.net\/lego-serious-play\/zertifizierung-zum-lego-serious-play-facilitator\/#primaryimage"},"image":{"@id":"https:\/\/bl-consultants.net\/lego-serious-play\/zertifizierung-zum-lego-serious-play-facilitator\/#primaryimage"},"thumbnailUrl":"http:\/\/bl-consultants.net\/wp-content\/uploads\/2025\/01\/40516_alt18.webp","datePublished":"2024-07-19T12:46:41+00:00","dateModified":"2025-01-16T12:57:16+00:00","breadcrumb":{"@id":"https:\/\/bl-consultants.net\/lego-serious-play\/zertifizierung-zum-lego-serious-play-facilitator\/#breadcrumb"},"inLanguage":"de","potentialAction":[{"@type":"ReadAction","target":["https:\/\/bl-consultants.net\/lego-serious-play\/zertifizierung-zum-lego-serious-play-facilitator\/"]}]},{"@type":"ImageObject","inLanguage":"de","@id":"https:\/\/bl-consultants.net\/lego-serious-play\/zertifizierung-zum-lego-serious-play-facilitator\/#primaryimage","url":"http:\/\/bl-consultants.net\/wp-content\/uploads\/2025\/01\/40516_alt18.webp","contentUrl":"http:\/\/bl-consultants.net\/wp-content\/uploads\/2025\/01\/40516_alt18.webp"},{"@type":"BreadcrumbList","@id":"https:\/\/bl-consultants.net\/lego-serious-play\/zertifizierung-zum-lego-serious-play-facilitator\/#breadcrumb","itemListElement":[{"@type":"ListItem","position":1,"name":"Startseite","item":"https:\/\/bl-consultants.net\/"},{"@type":"ListItem","position":2,"name":"LEGO\u00ae SERIOUS PLAY\u00ae","item":"https:\/\/bl-consultants.net\/lego-serious-play\/"},{"@type":"ListItem","position":3,"name":"LEGO\u00ae SERIOUS PLAY\u00ae Facilitator"}]},{"@type":"WebSite","@id":"https:\/\/bl-consultants.net\/#website","url":"https:\/\/bl-consultants.net\/","name":"Burkhard Lahr Consultants","description":"","publisher":{"@id":"https:\/\/bl-consultants.net\/#organization"},"potentialAction":[{"@type":"SearchAction","target":{"@type":"EntryPoint","urlTemplate":"https:\/\/bl-consultants.net\/?s={search_term_string}"},"query-input":{"@type":"PropertyValueSpecification","valueRequired":true,"valueName":"search_term_string"}}],"inLanguage":"de"},{"@type":"Organization","@id":"https:\/\/bl-consultants.net\/#organization","name":"Burkhard Lahr Consultants","url":"https:\/\/bl-consultants.net\/","logo":{"@type":"ImageObject","inLanguage":"de","@id":"https:\/\/bl-consultants.net\/#\/schema\/logo\/image\/","url":"https:\/\/bl-consultants.net\/wp-content\/uploads\/2024\/02\/cropped-BLC-Logo-weiss-auf-rot.png","contentUrl":"https:\/\/bl-consultants.net\/wp-content\/uploads\/2024\/02\/cropped-BLC-Logo-weiss-auf-rot.png","width":512,"height":512,"caption":"Burkhard Lahr Consultants"},"image":{"@id":"https:\/\/bl-consultants.net\/#\/schema\/logo\/image\/"},"sameAs":["https:\/\/linkedin.com\/yoast"]}]}},"_links":{"self":[{"href":"https:\/\/bl-consultants.net\/de\/wp-json\/wp\/v2\/pages\/168","targetHints":{"allow":["GET"]}}],"collection":[{"href":"https:\/\/bl-consultants.net\/de\/wp-json\/wp\/v2\/pages"}],"about":[{"href":"https:\/\/bl-consultants.net\/de\/wp-json\/wp\/v2\/types\/page"}],"author":[{"embeddable":true,"href":"https:\/\/bl-consultants.net\/de\/wp-json\/wp\/v2\/users\/1"}],"replies":[{"embeddable":true,"href":"https:\/\/bl-consultants.net\/de\/wp-json\/wp\/v2\/comments?post=168"}],"version-history":[{"count":9,"href":"https:\/\/bl-consultants.net\/de\/wp-json\/wp\/v2\/pages\/168\/revisions"}],"predecessor-version":[{"id":723,"href":"https:\/\/bl-consultants.net\/de\/wp-json\/wp\/v2\/pages\/168\/revisions\/723"}],"up":[{"embeddable":true,"href":"https:\/\/bl-consultants.net\/de\/wp-json\/wp\/v2\/pages\/90"}],"wp:attachment":[{"href":"https:\/\/bl-consultants.net\/de\/wp-json\/wp\/v2\/media?parent=168"}],"curies":[{"name":"wp","href":"https:\/\/api.w.org\/{rel}","templated":true}]}}