{"id":826,"date":"2025-01-30T17:23:40","date_gmt":"2025-01-30T17:23:40","guid":{"rendered":"https:\/\/bl-consultants.net\/about-2\/"},"modified":"2025-02-09T14:04:13","modified_gmt":"2025-02-09T14:04:13","slug":"partner-gisa-garmer","status":"publish","type":"page","link":"https:\/\/bl-consultants.net\/de\/partner-netzwerk\/partner-gisa-garmer\/","title":{"rendered":"Partner"},"content":{"rendered":"\n<p class=\"has-black-color has-text-color has-link-color wp-elements-171074e9bfdc05c643e8aaef5bca705a\"><strong>Gisa Garmer<\/strong><\/p>\n\n\n<div class=\"wp-block-image\">\n<figure class=\"alignright size-medium\"><img loading=\"lazy\" decoding=\"async\" width=\"252\" height=\"300\" src=\"https:\/\/bl-consultants.net\/wp-content\/uploads\/2025\/01\/gisa-garmer-Kopie-1-252x300.webp\" alt=\"\" class=\"wp-image-840\" srcset=\"https:\/\/bl-consultants.net\/wp-content\/uploads\/2025\/01\/gisa-garmer-Kopie-1-252x300.webp 252w, https:\/\/bl-consultants.net\/wp-content\/uploads\/2025\/01\/gisa-garmer-Kopie-1-860x1024.webp 860w, https:\/\/bl-consultants.net\/wp-content\/uploads\/2025\/01\/gisa-garmer-Kopie-1-768x915.webp 768w, https:\/\/bl-consultants.net\/wp-content\/uploads\/2025\/01\/gisa-garmer-Kopie-1-10x12.webp 10w, https:\/\/bl-consultants.net\/wp-content\/uploads\/2025\/01\/gisa-garmer-Kopie-1-png.webp 983w\" sizes=\"auto, (max-width: 252px) 100vw, 252px\" \/><\/figure><\/div>\n\n\n<p>Change-Expertin, Moderatorin, Trainerin, Coach mit Arbeitssprachen deutsch, englisch, franz\u00f6sisch<br><br>Systemische Organisationsberatung<br>F\u00fchrungskr\u00e4fteaus- und weiterbildung<br>Coaching f\u00fcr Karriere- und Pers\u00f6nlichkeitsentwicklung<br>Moderation von Wissenstransfers und Workshops<br>Wissensvermittlung im Bereich Pr\u00e4sentation, Moderation, Rhetorik<br><br>P\u00e4dagogin, Philologin, systemische Organisationsberaterin, zertifizierter Coach, ausgebildete (Online-) Trainerin<\/p>\n\n\n\n<p class=\"has-vivid-red-color has-text-color has-link-color wp-elements-fe501cfd1abf0124c4f2034aa76eaf76\">Mein Motto: Weniger reden, mehr fragen, besser zuh\u00f6ren.<\/p>\n\n\n\n<p>Seit 1997 in der organisationalen Erwachsenenbildung, entspricht meine Arbeit meinem tiefen Interesse an zwischenmenschlicher Interaktion und der F\u00f6rderung des darin liegenden Potentials zum Wohle des Einzelnen wie dem von Organisationen.<\/p>\n\n\n\n<p>Die erfolgreiche F\u00fchrung von Mitarbeitenden setzt eine kontinuierlich reflektierte und bewusste Selbstf\u00fchrung der F\u00fchrungskraft voraus.<\/p>\n\n\n\n<p>Statt antrainierter Floskeln und k\u00fcnstlicher N\u00e4he durch Duzen und aufw\u00e4ndige Teamevents geht es um wahres Interesse, eine aufrichtige positive Haltung und echtes Vertrauen.<\/p>\n\n\n\n<p>Wer sich als Mensch in der Organisation gesehen und wertgesch\u00e4tzt f\u00fchlt, wird aus seinem pers\u00f6nlichen Bed\u00fcrfnis nach Zugeh\u00f6rigkeit heraus von ganz allein seine volle Energie in den Dienst der gemeinsamen Ziele stellen.<\/p>\n\n\n\n<p>Eine solche Kultur des co-kreativen Miteinanders zu schaffen und zu bewahren, in der Wissen geteilt statt in Silos gehortet zu werden, sollte das Anliegen jeder Organisation sein.<\/p>\n\n\n\n<p>Mit meiner in unterschiedlichsten, internationalen Projekten und Unternehmen erworbenen Expertise in den Bereichen Change, F\u00fchrung, Team- und Pers\u00f6nlichkeitsentwicklung unterst\u00fctze ich Sie dabei mit wissenschaftlich erprobten Ans\u00e4tzen und Methoden f\u00fcr Ihren unternehmerischen Erfolg.<\/p>\n\n\n\n<p class=\"has-vivid-red-color has-text-color has-link-color wp-elements-76e314b578e27aefe725eed39b88cec3\">Kontakt: garmer@bl-consultants.net<\/p>\n","protected":false},"excerpt":{"rendered":"<p>Gisa Garmer Change-Expertin, Moderatorin, Trainerin, Coach mit Arbeitssprachen deutsch, englisch, franz\u00f6sisch Systemische OrganisationsberatungF\u00fchrungskr\u00e4fteaus- und weiterbildungCoaching f\u00fcr Karriere- und Pers\u00f6nlichkeitsentwicklungModeration von Wissenstransfers und WorkshopsWissensvermittlung im Bereich Pr\u00e4sentation, Moderation, Rhetorik P\u00e4dagogin, Philologin, &hellip; <\/p>\n<p class=\"link-more\"><a href=\"https:\/\/bl-consultants.net\/de\/partner-netzwerk\/partner-gisa-garmer\/\" class=\"more-link\"><span class=\"screen-reader-text\">\u201ePartner\u201c<\/span> weiterlesen<\/a><\/p>\n","protected":false},"author":1,"featured_media":0,"parent":145,"menu_order":0,"comment_status":"closed","ping_status":"closed","template":"","meta":{"footnotes":""},"class_list":["post-826","page","type-page","status-publish","hentry"],"yoast_head":"<!-- This site is optimized with the Yoast SEO plugin v26.8 - https:\/\/yoast.com\/product\/yoast-seo-wordpress\/ -->\n<title>Partner - Burkhard Lahr Consultants<\/title>\n<meta name=\"robots\" content=\"index, follow, max-snippet:-1, max-image-preview:large, max-video-preview:-1\" \/>\n<link rel=\"canonical\" href=\"https:\/\/bl-consultants.net\/de\/partner-netzwerk\/partner-gisa-garmer\/\" \/>\n<meta property=\"og:locale\" content=\"de_DE\" \/>\n<meta property=\"og:type\" content=\"article\" \/>\n<meta property=\"og:title\" content=\"Partner - Burkhard Lahr Consultants\" \/>\n<meta property=\"og:description\" content=\"Gisa Garmer Change-Expertin, Moderatorin, Trainerin, Coach mit Arbeitssprachen deutsch, englisch, franz\u00f6sisch Systemische OrganisationsberatungF\u00fchrungskr\u00e4fteaus- und weiterbildungCoaching f\u00fcr Karriere- und Pers\u00f6nlichkeitsentwicklungModeration von Wissenstransfers und WorkshopsWissensvermittlung im Bereich Pr\u00e4sentation, Moderation, Rhetorik P\u00e4dagogin, Philologin, &hellip; \u201ePartner\u201c weiterlesen\" \/>\n<meta property=\"og:url\" content=\"https:\/\/bl-consultants.net\/de\/partner-netzwerk\/partner-gisa-garmer\/\" \/>\n<meta property=\"og:site_name\" content=\"Burkhard Lahr Consultants\" \/>\n<meta property=\"article:modified_time\" content=\"2025-02-09T14:04:13+00:00\" \/>\n<meta property=\"og:image\" content=\"https:\/\/bl-consultants.net\/wp-content\/uploads\/2025\/01\/gisa-garmer-Kopie-1-png.webp\" \/>\n\t<meta property=\"og:image:width\" content=\"983\" \/>\n\t<meta property=\"og:image:height\" content=\"1171\" \/>\n\t<meta property=\"og:image:type\" content=\"image\/png\" \/>\n<meta name=\"twitter:card\" content=\"summary_large_image\" \/>\n<meta name=\"twitter:label1\" content=\"Gesch\u00e4tzte Lesezeit\" \/>\n\t<meta name=\"twitter:data1\" content=\"2\u00a0Minuten\" \/>\n<script type=\"application\/ld+json\" class=\"yoast-schema-graph\">{\"@context\":\"https:\/\/schema.org\",\"@graph\":[{\"@type\":\"WebPage\",\"@id\":\"https:\/\/bl-consultants.net\/partner-netzwerk\/partner-gisa-garmer\/\",\"url\":\"https:\/\/bl-consultants.net\/partner-netzwerk\/partner-gisa-garmer\/\",\"name\":\"Partner - Burkhard Lahr Consultants\",\"isPartOf\":{\"@id\":\"https:\/\/bl-consultants.net\/#website\"},\"primaryImageOfPage\":{\"@id\":\"https:\/\/bl-consultants.net\/partner-netzwerk\/partner-gisa-garmer\/#primaryimage\"},\"image\":{\"@id\":\"https:\/\/bl-consultants.net\/partner-netzwerk\/partner-gisa-garmer\/#primaryimage\"},\"thumbnailUrl\":\"https:\/\/bl-consultants.net\/wp-content\/uploads\/2025\/01\/gisa-garmer-Kopie-1-252x300.webp\",\"datePublished\":\"2025-01-30T17:23:40+00:00\",\"dateModified\":\"2025-02-09T14:04:13+00:00\",\"breadcrumb\":{\"@id\":\"https:\/\/bl-consultants.net\/partner-netzwerk\/partner-gisa-garmer\/#breadcrumb\"},\"inLanguage\":\"de\",\"potentialAction\":[{\"@type\":\"ReadAction\",\"target\":[\"https:\/\/bl-consultants.net\/partner-netzwerk\/partner-gisa-garmer\/\"]}]},{\"@type\":\"ImageObject\",\"inLanguage\":\"de\",\"@id\":\"https:\/\/bl-consultants.net\/partner-netzwerk\/partner-gisa-garmer\/#primaryimage\",\"url\":\"https:\/\/bl-consultants.net\/wp-content\/uploads\/2025\/01\/gisa-garmer-Kopie-1-252x300.webp\",\"contentUrl\":\"https:\/\/bl-consultants.net\/wp-content\/uploads\/2025\/01\/gisa-garmer-Kopie-1-252x300.webp\"},{\"@type\":\"BreadcrumbList\",\"@id\":\"https:\/\/bl-consultants.net\/partner-netzwerk\/partner-gisa-garmer\/#breadcrumb\",\"itemListElement\":[{\"@type\":\"ListItem\",\"position\":1,\"name\":\"Startseite\",\"item\":\"https:\/\/bl-consultants.net\/\"},{\"@type\":\"ListItem\",\"position\":2,\"name\":\"Partner Netzwerk\",\"item\":\"https:\/\/bl-consultants.net\/partner-netzwerk\/\"},{\"@type\":\"ListItem\",\"position\":3,\"name\":\"Partner\"}]},{\"@type\":\"WebSite\",\"@id\":\"https:\/\/bl-consultants.net\/#website\",\"url\":\"https:\/\/bl-consultants.net\/\",\"name\":\"Burkhard Lahr Consultants\",\"description\":\"\",\"publisher\":{\"@id\":\"https:\/\/bl-consultants.net\/#organization\"},\"potentialAction\":[{\"@type\":\"SearchAction\",\"target\":{\"@type\":\"EntryPoint\",\"urlTemplate\":\"https:\/\/bl-consultants.net\/?s={search_term_string}\"},\"query-input\":{\"@type\":\"PropertyValueSpecification\",\"valueRequired\":true,\"valueName\":\"search_term_string\"}}],\"inLanguage\":\"de\"},{\"@type\":\"Organization\",\"@id\":\"https:\/\/bl-consultants.net\/#organization\",\"name\":\"Burkhard Lahr Consultants\",\"url\":\"https:\/\/bl-consultants.net\/\",\"logo\":{\"@type\":\"ImageObject\",\"inLanguage\":\"de\",\"@id\":\"https:\/\/bl-consultants.net\/#\/schema\/logo\/image\/\",\"url\":\"https:\/\/bl-consultants.net\/wp-content\/uploads\/2024\/02\/cropped-BLC-Logo-weiss-auf-rot.png\",\"contentUrl\":\"https:\/\/bl-consultants.net\/wp-content\/uploads\/2024\/02\/cropped-BLC-Logo-weiss-auf-rot.png\",\"width\":512,\"height\":512,\"caption\":\"Burkhard Lahr Consultants\"},\"image\":{\"@id\":\"https:\/\/bl-consultants.net\/#\/schema\/logo\/image\/\"},\"sameAs\":[\"https:\/\/linkedin.com\/yoast\"]}]}<\/script>\n<!-- \/ Yoast SEO plugin. -->","yoast_head_json":{"title":"Partner - Burkhard Lahr Consultants","robots":{"index":"index","follow":"follow","max-snippet":"max-snippet:-1","max-image-preview":"max-image-preview:large","max-video-preview":"max-video-preview:-1"},"canonical":"https:\/\/bl-consultants.net\/de\/partner-netzwerk\/partner-gisa-garmer\/","og_locale":"de_DE","og_type":"article","og_title":"Partner - Burkhard Lahr Consultants","og_description":"Gisa Garmer Change-Expertin, Moderatorin, Trainerin, Coach mit Arbeitssprachen deutsch, englisch, franz\u00f6sisch Systemische OrganisationsberatungF\u00fchrungskr\u00e4fteaus- und weiterbildungCoaching f\u00fcr Karriere- und Pers\u00f6nlichkeitsentwicklungModeration von Wissenstransfers und WorkshopsWissensvermittlung im Bereich Pr\u00e4sentation, Moderation, Rhetorik P\u00e4dagogin, Philologin, &hellip; \u201ePartner\u201c weiterlesen","og_url":"https:\/\/bl-consultants.net\/de\/partner-netzwerk\/partner-gisa-garmer\/","og_site_name":"Burkhard Lahr Consultants","article_modified_time":"2025-02-09T14:04:13+00:00","og_image":[{"width":983,"height":1171,"url":"https:\/\/bl-consultants.net\/wp-content\/uploads\/2025\/01\/gisa-garmer-Kopie-1-png.webp","type":"image\/png"}],"twitter_card":"summary_large_image","twitter_misc":{"Gesch\u00e4tzte Lesezeit":"2\u00a0Minuten"},"schema":{"@context":"https:\/\/schema.org","@graph":[{"@type":"WebPage","@id":"https:\/\/bl-consultants.net\/partner-netzwerk\/partner-gisa-garmer\/","url":"https:\/\/bl-consultants.net\/partner-netzwerk\/partner-gisa-garmer\/","name":"Partner - Burkhard Lahr Consultants","isPartOf":{"@id":"https:\/\/bl-consultants.net\/#website"},"primaryImageOfPage":{"@id":"https:\/\/bl-consultants.net\/partner-netzwerk\/partner-gisa-garmer\/#primaryimage"},"image":{"@id":"https:\/\/bl-consultants.net\/partner-netzwerk\/partner-gisa-garmer\/#primaryimage"},"thumbnailUrl":"https:\/\/bl-consultants.net\/wp-content\/uploads\/2025\/01\/gisa-garmer-Kopie-1-252x300.webp","datePublished":"2025-01-30T17:23:40+00:00","dateModified":"2025-02-09T14:04:13+00:00","breadcrumb":{"@id":"https:\/\/bl-consultants.net\/partner-netzwerk\/partner-gisa-garmer\/#breadcrumb"},"inLanguage":"de","potentialAction":[{"@type":"ReadAction","target":["https:\/\/bl-consultants.net\/partner-netzwerk\/partner-gisa-garmer\/"]}]},{"@type":"ImageObject","inLanguage":"de","@id":"https:\/\/bl-consultants.net\/partner-netzwerk\/partner-gisa-garmer\/#primaryimage","url":"https:\/\/bl-consultants.net\/wp-content\/uploads\/2025\/01\/gisa-garmer-Kopie-1-252x300.webp","contentUrl":"https:\/\/bl-consultants.net\/wp-content\/uploads\/2025\/01\/gisa-garmer-Kopie-1-252x300.webp"},{"@type":"BreadcrumbList","@id":"https:\/\/bl-consultants.net\/partner-netzwerk\/partner-gisa-garmer\/#breadcrumb","itemListElement":[{"@type":"ListItem","position":1,"name":"Startseite","item":"https:\/\/bl-consultants.net\/"},{"@type":"ListItem","position":2,"name":"Partner Netzwerk","item":"https:\/\/bl-consultants.net\/partner-netzwerk\/"},{"@type":"ListItem","position":3,"name":"Partner"}]},{"@type":"WebSite","@id":"https:\/\/bl-consultants.net\/#website","url":"https:\/\/bl-consultants.net\/","name":"Burkhard Lahr Consultants","description":"","publisher":{"@id":"https:\/\/bl-consultants.net\/#organization"},"potentialAction":[{"@type":"SearchAction","target":{"@type":"EntryPoint","urlTemplate":"https:\/\/bl-consultants.net\/?s={search_term_string}"},"query-input":{"@type":"PropertyValueSpecification","valueRequired":true,"valueName":"search_term_string"}}],"inLanguage":"de"},{"@type":"Organization","@id":"https:\/\/bl-consultants.net\/#organization","name":"Burkhard Lahr Consultants","url":"https:\/\/bl-consultants.net\/","logo":{"@type":"ImageObject","inLanguage":"de","@id":"https:\/\/bl-consultants.net\/#\/schema\/logo\/image\/","url":"https:\/\/bl-consultants.net\/wp-content\/uploads\/2024\/02\/cropped-BLC-Logo-weiss-auf-rot.png","contentUrl":"https:\/\/bl-consultants.net\/wp-content\/uploads\/2024\/02\/cropped-BLC-Logo-weiss-auf-rot.png","width":512,"height":512,"caption":"Burkhard Lahr Consultants"},"image":{"@id":"https:\/\/bl-consultants.net\/#\/schema\/logo\/image\/"},"sameAs":["https:\/\/linkedin.com\/yoast"]}]}},"_links":{"self":[{"href":"https:\/\/bl-consultants.net\/de\/wp-json\/wp\/v2\/pages\/826","targetHints":{"allow":["GET"]}}],"collection":[{"href":"https:\/\/bl-consultants.net\/de\/wp-json\/wp\/v2\/pages"}],"about":[{"href":"https:\/\/bl-consultants.net\/de\/wp-json\/wp\/v2\/types\/page"}],"author":[{"embeddable":true,"href":"https:\/\/bl-consultants.net\/de\/wp-json\/wp\/v2\/users\/1"}],"replies":[{"embeddable":true,"href":"https:\/\/bl-consultants.net\/de\/wp-json\/wp\/v2\/comments?post=826"}],"version-history":[{"count":9,"href":"https:\/\/bl-consultants.net\/de\/wp-json\/wp\/v2\/pages\/826\/revisions"}],"predecessor-version":[{"id":849,"href":"https:\/\/bl-consultants.net\/de\/wp-json\/wp\/v2\/pages\/826\/revisions\/849"}],"up":[{"embeddable":true,"href":"https:\/\/bl-consultants.net\/de\/wp-json\/wp\/v2\/pages\/145"}],"wp:attachment":[{"href":"https:\/\/bl-consultants.net\/de\/wp-json\/wp\/v2\/media?parent=826"}],"curies":[{"name":"wp","href":"https:\/\/api.w.org\/{rel}","templated":true}]}}