{"id":90,"date":"2024-07-18T15:00:11","date_gmt":"2024-07-18T15:00:11","guid":{"rendered":"http:\/\/bl-consultants.net\/?page_id=90"},"modified":"2025-01-16T12:51:42","modified_gmt":"2025-01-16T12:51:42","slug":"lego-serious-play","status":"publish","type":"page","link":"https:\/\/bl-consultants.net\/de\/lego-serious-play\/","title":{"rendered":"LEGO\u00ae SERIOUS PLAY\u00ae"},"content":{"rendered":"\n<figure class=\"wp-block-image size-large\"><img decoding=\"async\" src=\"http:\/\/bl-consultants.net\/wp-content\/uploads\/2025\/01\/LEGO\u00ae_SERIOUS_PLAY\u00ae_Shared_Identity_Teamwork_Example-scaled-e1736443963205-1024x589.webp\" alt=\"Von Koepernick - Eigenes Werk, CC BY-SA 4.0, https:\/\/commons.wikimedia.org\/w\/index.php?curid=62336097\" class=\"wp-image-651\"\/><\/figure>\n\n\n\n<p>Die <strong>LEGO\u00ae SERIOUS PLAY\u00ae<\/strong>-Methodologie (LSP) ist ein innovativer Prozess zur Verbesserung von <strong>Innovation<\/strong> und <strong>Unternehmensleistung<\/strong>. Basierend auf Untersuchungen, die zeigen, dass diese Art des praktischen Lernens zu einem tieferen, sinnhaftigeren Verst\u00e4ndnis der Welt und ihrer M\u00f6glichkeiten f\u00fchrt, vertieft die LEGO\u00ae SERIOUS PLAY\u00ae-Methodologie den <strong>Reflexionsprozess<\/strong> und unterst\u00fctzt einen effektiven <strong>Dialog<\/strong> \u2013 f\u00fcr alle Beteiligten in einem Unternehmen.<\/p>\n\n\n\n<p>LSP ist ein <strong>begleiteter<\/strong> Meeting-, Kommunikations- und Probleml\u00f6sungsprozess, bei dem die Teilnehmer durch eine Reihe von Fragen gef\u00fchrt werden, die immer tiefer in das Thema eintauchen. Als Reaktion auf Fragestellungen des Facilitators baut jeder Teilnehmer sein eigenes 3D-LEGO\u00ae-Modell mit speziell ausgew\u00e4hlten LEGO\u00ae Elementen. Diese 3D-Modelle dienen als Grundlage f\u00fcr Gruppendiskussionen, Wissensaustausch, Probleml\u00f6sung und Entscheidungsfindung.<\/p>\n\n\n\n<p>Es ist eine Technik, die die <strong>Probleml\u00f6sung<\/strong> in der Gruppe verbessert. Durch die Verwendung visueller, auditiver und kin\u00e4sthetischer F\u00e4higkeiten werden die Teilnehmer motiviert zu lernen und zuzuh\u00f6ren. <strong>Diese Methode gibt allen Teilnehmern eine Stimme.<\/strong> Die LEGO\u00ae SERIOUS PLAY\u00ae-Methodologie dient unabh\u00e4ngig von Kultur oder Position als gemeinsame Sprache und erfordert einen qualifizierten LEGO\u00ae SERIOUS PLAY\u00ae Facilitator.<\/p>\n\n\n\n<p><strong>Burkhard Lahr Consultants<\/strong> bietet Ihnen nicht nur die <strong><a href=\"http:\/\/bl-consultants.net\/lego-serious-play\/moderierte-lego-serious-play-workshops\/\" data-type=\"page\" data-id=\"170\">Moderation<\/a> <\/strong>Ihrer Workshops an sondern auch, interessierte Mitarbeiter zum zertifizierten LEGO\u00ae SERIOUS PLAY\u00ae Facilitator <strong><a href=\"http:\/\/bl-consultants.net\/lego-serious-play\/zertifizierung-zum-lego-serious-play-facilitator\/\" data-type=\"page\" data-id=\"168\">auszubilden<\/a><\/strong>.<\/p>\n\n\n\n<p class=\"has-vivid-red-color has-text-color has-link-color wp-elements-48466119eb0cf15d138ff974d250f795\">Haben Sie Fragen? Wir sind gerne f\u00fcr Sie da: info@bl-consultants.net<\/p>\n\n\n\n<p><\/p>\n","protected":false},"excerpt":{"rendered":"<p>Die LEGO\u00ae SERIOUS PLAY\u00ae-Methodologie (LSP) ist ein innovativer Prozess zur Verbesserung von Innovation und Unternehmensleistung. Basierend auf Untersuchungen, die zeigen, dass diese Art des praktischen Lernens zu einem tieferen, sinnhaftigeren &hellip; <\/p>\n<p class=\"link-more\"><a href=\"https:\/\/bl-consultants.net\/de\/lego-serious-play\/\" class=\"more-link\"><span class=\"screen-reader-text\">\u201eLEGO\u00ae SERIOUS PLAY\u00ae\u201c<\/span> weiterlesen<\/a><\/p>\n","protected":false},"author":1,"featured_media":0,"parent":0,"menu_order":0,"comment_status":"closed","ping_status":"closed","template":"","meta":{"footnotes":""},"class_list":["post-90","page","type-page","status-publish","hentry"],"yoast_head":"<!-- This site is optimized with the Yoast SEO plugin v26.8 - https:\/\/yoast.com\/product\/yoast-seo-wordpress\/ -->\n<title>LEGO\u00ae SERIOUS PLAY\u00ae - Burkhard Lahr Consultants<\/title>\n<meta name=\"robots\" content=\"index, follow, max-snippet:-1, max-image-preview:large, max-video-preview:-1\" \/>\n<link rel=\"canonical\" href=\"https:\/\/bl-consultants.net\/de\/lego-serious-play\/\" \/>\n<meta property=\"og:locale\" content=\"de_DE\" \/>\n<meta property=\"og:type\" content=\"article\" \/>\n<meta property=\"og:title\" content=\"LEGO\u00ae SERIOUS PLAY\u00ae - Burkhard Lahr Consultants\" \/>\n<meta property=\"og:description\" content=\"Die LEGO\u00ae SERIOUS PLAY\u00ae-Methodologie (LSP) ist ein innovativer Prozess zur Verbesserung von Innovation und Unternehmensleistung. Basierend auf Untersuchungen, die zeigen, dass diese Art des praktischen Lernens zu einem tieferen, sinnhaftigeren &hellip; \u201eLEGO\u00ae SERIOUS PLAY\u00ae\u201c weiterlesen\" \/>\n<meta property=\"og:url\" content=\"https:\/\/bl-consultants.net\/de\/lego-serious-play\/\" \/>\n<meta property=\"og:site_name\" content=\"Burkhard Lahr Consultants\" \/>\n<meta property=\"article:modified_time\" content=\"2025-01-16T12:51:42+00:00\" \/>\n<meta name=\"twitter:card\" content=\"summary_large_image\" \/>\n<meta name=\"twitter:label1\" content=\"Gesch\u00e4tzte Lesezeit\" \/>\n\t<meta name=\"twitter:data1\" content=\"2\u00a0Minuten\" \/>\n<script type=\"application\/ld+json\" class=\"yoast-schema-graph\">{\"@context\":\"https:\/\/schema.org\",\"@graph\":[{\"@type\":\"WebPage\",\"@id\":\"https:\/\/bl-consultants.net\/lego-serious-play\/\",\"url\":\"https:\/\/bl-consultants.net\/lego-serious-play\/\",\"name\":\"LEGO\u00ae SERIOUS PLAY\u00ae - Burkhard Lahr Consultants\",\"isPartOf\":{\"@id\":\"https:\/\/bl-consultants.net\/#website\"},\"datePublished\":\"2024-07-18T15:00:11+00:00\",\"dateModified\":\"2025-01-16T12:51:42+00:00\",\"breadcrumb\":{\"@id\":\"https:\/\/bl-consultants.net\/lego-serious-play\/#breadcrumb\"},\"inLanguage\":\"de\",\"potentialAction\":[{\"@type\":\"ReadAction\",\"target\":[\"https:\/\/bl-consultants.net\/lego-serious-play\/\"]}]},{\"@type\":\"BreadcrumbList\",\"@id\":\"https:\/\/bl-consultants.net\/lego-serious-play\/#breadcrumb\",\"itemListElement\":[{\"@type\":\"ListItem\",\"position\":1,\"name\":\"Startseite\",\"item\":\"https:\/\/bl-consultants.net\/\"},{\"@type\":\"ListItem\",\"position\":2,\"name\":\"LEGO\u00ae SERIOUS PLAY\u00ae\"}]},{\"@type\":\"WebSite\",\"@id\":\"https:\/\/bl-consultants.net\/#website\",\"url\":\"https:\/\/bl-consultants.net\/\",\"name\":\"Burkhard Lahr Consultants\",\"description\":\"\",\"publisher\":{\"@id\":\"https:\/\/bl-consultants.net\/#organization\"},\"potentialAction\":[{\"@type\":\"SearchAction\",\"target\":{\"@type\":\"EntryPoint\",\"urlTemplate\":\"https:\/\/bl-consultants.net\/?s={search_term_string}\"},\"query-input\":{\"@type\":\"PropertyValueSpecification\",\"valueRequired\":true,\"valueName\":\"search_term_string\"}}],\"inLanguage\":\"de\"},{\"@type\":\"Organization\",\"@id\":\"https:\/\/bl-consultants.net\/#organization\",\"name\":\"Burkhard Lahr Consultants\",\"url\":\"https:\/\/bl-consultants.net\/\",\"logo\":{\"@type\":\"ImageObject\",\"inLanguage\":\"de\",\"@id\":\"https:\/\/bl-consultants.net\/#\/schema\/logo\/image\/\",\"url\":\"https:\/\/bl-consultants.net\/wp-content\/uploads\/2024\/02\/cropped-BLC-Logo-weiss-auf-rot.png\",\"contentUrl\":\"https:\/\/bl-consultants.net\/wp-content\/uploads\/2024\/02\/cropped-BLC-Logo-weiss-auf-rot.png\",\"width\":512,\"height\":512,\"caption\":\"Burkhard Lahr Consultants\"},\"image\":{\"@id\":\"https:\/\/bl-consultants.net\/#\/schema\/logo\/image\/\"},\"sameAs\":[\"https:\/\/linkedin.com\/yoast\"]}]}<\/script>\n<!-- \/ Yoast SEO plugin. -->","yoast_head_json":{"title":"LEGO\u00ae SERIOUS PLAY\u00ae - Burkhard Lahr Consultants","robots":{"index":"index","follow":"follow","max-snippet":"max-snippet:-1","max-image-preview":"max-image-preview:large","max-video-preview":"max-video-preview:-1"},"canonical":"https:\/\/bl-consultants.net\/de\/lego-serious-play\/","og_locale":"de_DE","og_type":"article","og_title":"LEGO\u00ae SERIOUS PLAY\u00ae - Burkhard Lahr Consultants","og_description":"Die LEGO\u00ae SERIOUS PLAY\u00ae-Methodologie (LSP) ist ein innovativer Prozess zur Verbesserung von Innovation und Unternehmensleistung. Basierend auf Untersuchungen, die zeigen, dass diese Art des praktischen Lernens zu einem tieferen, sinnhaftigeren &hellip; \u201eLEGO\u00ae SERIOUS PLAY\u00ae\u201c weiterlesen","og_url":"https:\/\/bl-consultants.net\/de\/lego-serious-play\/","og_site_name":"Burkhard Lahr Consultants","article_modified_time":"2025-01-16T12:51:42+00:00","twitter_card":"summary_large_image","twitter_misc":{"Gesch\u00e4tzte Lesezeit":"2\u00a0Minuten"},"schema":{"@context":"https:\/\/schema.org","@graph":[{"@type":"WebPage","@id":"https:\/\/bl-consultants.net\/lego-serious-play\/","url":"https:\/\/bl-consultants.net\/lego-serious-play\/","name":"LEGO\u00ae SERIOUS PLAY\u00ae - Burkhard Lahr Consultants","isPartOf":{"@id":"https:\/\/bl-consultants.net\/#website"},"datePublished":"2024-07-18T15:00:11+00:00","dateModified":"2025-01-16T12:51:42+00:00","breadcrumb":{"@id":"https:\/\/bl-consultants.net\/lego-serious-play\/#breadcrumb"},"inLanguage":"de","potentialAction":[{"@type":"ReadAction","target":["https:\/\/bl-consultants.net\/lego-serious-play\/"]}]},{"@type":"BreadcrumbList","@id":"https:\/\/bl-consultants.net\/lego-serious-play\/#breadcrumb","itemListElement":[{"@type":"ListItem","position":1,"name":"Startseite","item":"https:\/\/bl-consultants.net\/"},{"@type":"ListItem","position":2,"name":"LEGO\u00ae SERIOUS PLAY\u00ae"}]},{"@type":"WebSite","@id":"https:\/\/bl-consultants.net\/#website","url":"https:\/\/bl-consultants.net\/","name":"Burkhard Lahr Consultants","description":"","publisher":{"@id":"https:\/\/bl-consultants.net\/#organization"},"potentialAction":[{"@type":"SearchAction","target":{"@type":"EntryPoint","urlTemplate":"https:\/\/bl-consultants.net\/?s={search_term_string}"},"query-input":{"@type":"PropertyValueSpecification","valueRequired":true,"valueName":"search_term_string"}}],"inLanguage":"de"},{"@type":"Organization","@id":"https:\/\/bl-consultants.net\/#organization","name":"Burkhard Lahr Consultants","url":"https:\/\/bl-consultants.net\/","logo":{"@type":"ImageObject","inLanguage":"de","@id":"https:\/\/bl-consultants.net\/#\/schema\/logo\/image\/","url":"https:\/\/bl-consultants.net\/wp-content\/uploads\/2024\/02\/cropped-BLC-Logo-weiss-auf-rot.png","contentUrl":"https:\/\/bl-consultants.net\/wp-content\/uploads\/2024\/02\/cropped-BLC-Logo-weiss-auf-rot.png","width":512,"height":512,"caption":"Burkhard Lahr Consultants"},"image":{"@id":"https:\/\/bl-consultants.net\/#\/schema\/logo\/image\/"},"sameAs":["https:\/\/linkedin.com\/yoast"]}]}},"_links":{"self":[{"href":"https:\/\/bl-consultants.net\/de\/wp-json\/wp\/v2\/pages\/90","targetHints":{"allow":["GET"]}}],"collection":[{"href":"https:\/\/bl-consultants.net\/de\/wp-json\/wp\/v2\/pages"}],"about":[{"href":"https:\/\/bl-consultants.net\/de\/wp-json\/wp\/v2\/types\/page"}],"author":[{"embeddable":true,"href":"https:\/\/bl-consultants.net\/de\/wp-json\/wp\/v2\/users\/1"}],"replies":[{"embeddable":true,"href":"https:\/\/bl-consultants.net\/de\/wp-json\/wp\/v2\/comments?post=90"}],"version-history":[{"count":18,"href":"https:\/\/bl-consultants.net\/de\/wp-json\/wp\/v2\/pages\/90\/revisions"}],"predecessor-version":[{"id":720,"href":"https:\/\/bl-consultants.net\/de\/wp-json\/wp\/v2\/pages\/90\/revisions\/720"}],"wp:attachment":[{"href":"https:\/\/bl-consultants.net\/de\/wp-json\/wp\/v2\/media?parent=90"}],"curies":[{"name":"wp","href":"https:\/\/api.w.org\/{rel}","templated":true}]}}