{"id":157,"date":"2024-07-19T12:43:21","date_gmt":"2024-07-19T12:43:21","guid":{"rendered":"http:\/\/bl-consultants.net\/?page_id=157"},"modified":"2025-01-16T13:37:19","modified_gmt":"2025-01-16T13:37:19","slug":"geschaeftsprozesse","status":"publish","type":"page","link":"https:\/\/bl-consultants.net\/en\/geschaeftsprozesse\/","title":{"rendered":"Prozessmanagement"},"content":{"rendered":"<figure class=\"wp-block-image size-large\"><img loading=\"lazy\" decoding=\"async\" width=\"1024\" height=\"510\" src=\"http:\/\/bl-consultants.net\/wp-content\/uploads\/2025\/01\/AdobeStock_503006152-1024x510.webp\" alt=\"\" class=\"wp-image-517\" srcset=\"https:\/\/bl-consultants.net\/wp-content\/uploads\/2025\/01\/AdobeStock_503006152-1024x510.webp 1024w, https:\/\/bl-consultants.net\/wp-content\/uploads\/2025\/01\/AdobeStock_503006152-300x149.webp 300w, https:\/\/bl-consultants.net\/wp-content\/uploads\/2025\/01\/AdobeStock_503006152-768x382.webp 768w, https:\/\/bl-consultants.net\/wp-content\/uploads\/2025\/01\/AdobeStock_503006152-1536x764.webp 1536w, https:\/\/bl-consultants.net\/wp-content\/uploads\/2025\/01\/AdobeStock_503006152-2048x1019.webp 2048w, https:\/\/bl-consultants.net\/wp-content\/uploads\/2025\/01\/AdobeStock_503006152-18x9.webp 18w\" sizes=\"auto, (max-width: 767px) 89vw, (max-width: 1000px) 54vw, (max-width: 1071px) 543px, 580px\" \/><\/figure>\n\n\n\n<p>Prozessmanagement ist ein <strong>systematischer Ansatz<\/strong>, um die Abl\u00e4ufe innerhalb eines Unternehmens zu <strong>planen<\/strong>, zu <strong>\u00fcberwachen<\/strong> und kontinuierlich zu <strong>verbessern<\/strong>. Ziel ist es, Gesch\u00e4ftsprozesse so <strong>effizient<\/strong> und <strong>effektiv<\/strong> wie m\u00f6glich zu gestalten, um Ressourcen optimal einzusetzen und Unternehmensziele nachhaltig zu erreichen. Dabei werden <strong>Schnittstellen<\/strong> identifiziert, <strong>Abl\u00e4ufe<\/strong> klar definiert und unn\u00f6tige Komplexit\u00e4ten reduziert.<\/p>\n\n\n\n<p>Mit moderner <strong>Prozessmodellierung<\/strong>, wie sie zum Beispiel durch Standards wie BPMN (Business Process Model and Notation) 6.0 erm\u00f6glicht wird, k\u00f6nnen Prozesse nicht nur <strong>visualisiert<\/strong>, sondern auch <strong>pr\u00e4zise dokumentiert<\/strong> und <strong>analysiert<\/strong> werden. BPMN 6.0 bietet erweiterte M\u00f6glichkeiten zur Darstellung von Workflows, die eine klare Kommunikation zwischen verschiedenen Abteilungen und Stakeholdern f\u00f6rdern. Dadurch wird es einfacher, <strong>Engp\u00e4sse<\/strong> zu erkennen, <strong>Verbesserungen <\/strong>umzusetzen und die <strong>Zusammenarbeit<\/strong> im Unternehmen zu st\u00e4rken.<\/p>\n\n\n\n<p>Als Prozessmanagement-Berater unterst\u00fctzen wir Unternehmen dabei, ihre <strong>Abl\u00e4ufe zu optimieren<\/strong> und den Weg f\u00fcr nachhaltigen Erfolg zu ebnen. Unser konzeptioneller Ansatz basiert auf einer fundierten <strong>Analyse der Ist-Prozesse<\/strong>, der I<strong>dentifikation von Schwachstellen<\/strong> und der <strong>Entwicklung praxisorientierter L\u00f6sungen<\/strong>. Unter Einbeziehung moderner Standards  schaffen wir eine <strong>transparente Grundlage<\/strong>, die sowohl die <strong>Automatisierung<\/strong> als auch die <strong>Skalierbarkeit<\/strong> Ihrer Prozesse erm\u00f6glicht.<\/p>\n\n\n\n<p>Die Beratung geht dabei weit \u00fcber die reine Analyse hinaus: wir begleiten Sie bei der <strong><a href=\"http:\/\/bl-consultants.net\/en\/change-management\/\" data-type=\"page\" data-id=\"161\">Umsetzung von Ver\u00e4nderungsma\u00dfnahmen<\/a><\/strong>, stellen sicher, dass diese reibungslos in den Betrieb integriert werden, und schulen Ihre Mitarbeitenden, damit sie die neuen Abl\u00e4ufe effizient nutzen k\u00f6nnen. Unser Ziel ist es, nicht nur kurzfristige Ergebnisse zu erzielen, sondern auch eine <strong>langfristige Prozesskultur<\/strong> in Ihrem Unternehmen zu etablieren.<\/p>\n\n\n\n<p>Professionelles Prozessmanagement schafft einen klaren <strong>Wettbewerbsvorteil<\/strong>: reduzierte Kosten, gesteigerte Effizienz und eine verbesserte <strong>Kundenzufriedenheit<\/strong> sind nur einige der vielen Vorteile. Mit unserer Unterst\u00fctzung erhalten Sie eine <strong>ma\u00dfgeschneiderte L\u00f6sung<\/strong>, die auf Ihre individuellen Bed\u00fcrfnisse abgestimmt ist. Ob Sie Prozesse verschlanken, die <strong>Qualit\u00e4t erh\u00f6hen<\/strong> oder flexibel auf Marktver\u00e4nderungen reagieren m\u00f6chten \u2013 gemeinsam setzen wir Ihre Ziele erfolgreich um.<\/p>\n\n\n\n<p>Investieren Sie in professionelle <strong>Prozessoptimierung<\/strong> und sichern Sie sich nachhaltigen <strong>Erfolg<\/strong> f\u00fcr Ihr Unternehmen. Mit den richtigen Tools, Methoden und einer klaren Vision f\u00fchren wir Sie durch den Wandel \u2013 f\u00fcr eine <strong>Zukunft<\/strong>, die w\u00e4chst.<\/p>\n\n\n\n<p class=\"has-vivid-red-color has-text-color has-link-color wp-elements-48466119eb0cf15d138ff974d250f795\">Haben Sie Fragen? Wir sind gerne f\u00fcr Sie da: info@bl-consultants.net<\/p>","protected":false},"excerpt":{"rendered":"<p>Prozessmanagement ist ein systematischer Ansatz, um die Abl\u00e4ufe innerhalb eines Unternehmens zu planen, zu \u00fcberwachen und kontinuierlich zu verbessern. Ziel ist es, Gesch\u00e4ftsprozesse so effizient und effektiv wie m\u00f6glich zu &hellip; <\/p>\n<p class=\"link-more\"><a href=\"https:\/\/bl-consultants.net\/en\/geschaeftsprozesse\/\" class=\"more-link\">Continue reading<span class=\"screen-reader-text\"> &#8222;Prozessmanagement&#8220;<\/span><\/a><\/p>","protected":false},"author":1,"featured_media":0,"parent":0,"menu_order":0,"comment_status":"closed","ping_status":"closed","template":"","meta":{"footnotes":""},"class_list":["post-157","page","type-page","status-publish","hentry"],"yoast_head":"<!-- This site is optimized with the Yoast SEO plugin v26.8 - https:\/\/yoast.com\/product\/yoast-seo-wordpress\/ -->\n<title>Prozessmanagement - Burkhard Lahr Consultants<\/title>\n<meta name=\"robots\" content=\"index, follow, max-snippet:-1, max-image-preview:large, max-video-preview:-1\" \/>\n<link rel=\"canonical\" href=\"https:\/\/bl-consultants.net\/en\/geschaeftsprozesse\/\" \/>\n<meta property=\"og:locale\" content=\"en_US\" \/>\n<meta property=\"og:type\" content=\"article\" \/>\n<meta property=\"og:title\" content=\"Prozessmanagement - Burkhard Lahr Consultants\" \/>\n<meta property=\"og:description\" content=\"Prozessmanagement ist ein systematischer Ansatz, um die Abl\u00e4ufe innerhalb eines Unternehmens zu planen, zu \u00fcberwachen und kontinuierlich zu verbessern. Ziel ist es, Gesch\u00e4ftsprozesse so effizient und effektiv wie m\u00f6glich zu &hellip; Continue reading &quot;Prozessmanagement&quot;\" \/>\n<meta property=\"og:url\" content=\"https:\/\/bl-consultants.net\/en\/geschaeftsprozesse\/\" \/>\n<meta property=\"og:site_name\" content=\"Burkhard Lahr Consultants\" \/>\n<meta property=\"article:modified_time\" content=\"2025-01-16T13:37:19+00:00\" \/>\n<meta property=\"og:image\" content=\"https:\/\/bl-consultants.net\/wp-content\/uploads\/2025\/01\/AdobeStock_503006152-scaled.webp\" \/>\n\t<meta property=\"og:image:width\" content=\"2560\" \/>\n\t<meta property=\"og:image:height\" content=\"1274\" \/>\n\t<meta property=\"og:image:type\" content=\"image\/jpeg\" \/>\n<meta name=\"twitter:card\" content=\"summary_large_image\" \/>\n<meta name=\"twitter:label1\" content=\"Est. reading time\" \/>\n\t<meta name=\"twitter:data1\" content=\"3 minutes\" \/>\n<script type=\"application\/ld+json\" class=\"yoast-schema-graph\">{\"@context\":\"https:\/\/schema.org\",\"@graph\":[{\"@type\":\"WebPage\",\"@id\":\"https:\/\/bl-consultants.net\/geschaeftsprozesse\/\",\"url\":\"https:\/\/bl-consultants.net\/geschaeftsprozesse\/\",\"name\":\"Prozessmanagement - Burkhard Lahr Consultants\",\"isPartOf\":{\"@id\":\"https:\/\/bl-consultants.net\/#website\"},\"primaryImageOfPage\":{\"@id\":\"https:\/\/bl-consultants.net\/geschaeftsprozesse\/#primaryimage\"},\"image\":{\"@id\":\"https:\/\/bl-consultants.net\/geschaeftsprozesse\/#primaryimage\"},\"thumbnailUrl\":\"http:\/\/bl-consultants.net\/wp-content\/uploads\/2025\/01\/AdobeStock_503006152-1024x510.webp\",\"datePublished\":\"2024-07-19T12:43:21+00:00\",\"dateModified\":\"2025-01-16T13:37:19+00:00\",\"breadcrumb\":{\"@id\":\"https:\/\/bl-consultants.net\/geschaeftsprozesse\/#breadcrumb\"},\"inLanguage\":\"en-US\",\"potentialAction\":[{\"@type\":\"ReadAction\",\"target\":[\"https:\/\/bl-consultants.net\/geschaeftsprozesse\/\"]}]},{\"@type\":\"ImageObject\",\"inLanguage\":\"en-US\",\"@id\":\"https:\/\/bl-consultants.net\/geschaeftsprozesse\/#primaryimage\",\"url\":\"http:\/\/bl-consultants.net\/wp-content\/uploads\/2025\/01\/AdobeStock_503006152-1024x510.webp\",\"contentUrl\":\"http:\/\/bl-consultants.net\/wp-content\/uploads\/2025\/01\/AdobeStock_503006152-1024x510.webp\"},{\"@type\":\"BreadcrumbList\",\"@id\":\"https:\/\/bl-consultants.net\/geschaeftsprozesse\/#breadcrumb\",\"itemListElement\":[{\"@type\":\"ListItem\",\"position\":1,\"name\":\"Startseite\",\"item\":\"https:\/\/bl-consultants.net\/\"},{\"@type\":\"ListItem\",\"position\":2,\"name\":\"Prozessmanagement\"}]},{\"@type\":\"WebSite\",\"@id\":\"https:\/\/bl-consultants.net\/#website\",\"url\":\"https:\/\/bl-consultants.net\/\",\"name\":\"Burkhard Lahr Consultants\",\"description\":\"\",\"publisher\":{\"@id\":\"https:\/\/bl-consultants.net\/#organization\"},\"potentialAction\":[{\"@type\":\"SearchAction\",\"target\":{\"@type\":\"EntryPoint\",\"urlTemplate\":\"https:\/\/bl-consultants.net\/?s={search_term_string}\"},\"query-input\":{\"@type\":\"PropertyValueSpecification\",\"valueRequired\":true,\"valueName\":\"search_term_string\"}}],\"inLanguage\":\"en-US\"},{\"@type\":\"Organization\",\"@id\":\"https:\/\/bl-consultants.net\/#organization\",\"name\":\"Burkhard Lahr Consultants\",\"url\":\"https:\/\/bl-consultants.net\/\",\"logo\":{\"@type\":\"ImageObject\",\"inLanguage\":\"en-US\",\"@id\":\"https:\/\/bl-consultants.net\/#\/schema\/logo\/image\/\",\"url\":\"https:\/\/bl-consultants.net\/wp-content\/uploads\/2024\/02\/cropped-BLC-Logo-weiss-auf-rot.png\",\"contentUrl\":\"https:\/\/bl-consultants.net\/wp-content\/uploads\/2024\/02\/cropped-BLC-Logo-weiss-auf-rot.png\",\"width\":512,\"height\":512,\"caption\":\"Burkhard Lahr Consultants\"},\"image\":{\"@id\":\"https:\/\/bl-consultants.net\/#\/schema\/logo\/image\/\"},\"sameAs\":[\"https:\/\/linkedin.com\/yoast\"]}]}<\/script>\n<!-- \/ Yoast SEO plugin. -->","yoast_head_json":{"title":"Prozessmanagement - Burkhard Lahr Consultants","robots":{"index":"index","follow":"follow","max-snippet":"max-snippet:-1","max-image-preview":"max-image-preview:large","max-video-preview":"max-video-preview:-1"},"canonical":"https:\/\/bl-consultants.net\/en\/geschaeftsprozesse\/","og_locale":"en_US","og_type":"article","og_title":"Prozessmanagement - Burkhard Lahr Consultants","og_description":"Prozessmanagement ist ein systematischer Ansatz, um die Abl\u00e4ufe innerhalb eines Unternehmens zu planen, zu \u00fcberwachen und kontinuierlich zu verbessern. Ziel ist es, Gesch\u00e4ftsprozesse so effizient und effektiv wie m\u00f6glich zu &hellip; Continue reading \"Prozessmanagement\"","og_url":"https:\/\/bl-consultants.net\/en\/geschaeftsprozesse\/","og_site_name":"Burkhard Lahr Consultants","article_modified_time":"2025-01-16T13:37:19+00:00","og_image":[{"width":2560,"height":1274,"url":"https:\/\/bl-consultants.net\/wp-content\/uploads\/2025\/01\/AdobeStock_503006152-scaled.webp","type":"image\/jpeg"}],"twitter_card":"summary_large_image","twitter_misc":{"Est. reading time":"3 minutes"},"schema":{"@context":"https:\/\/schema.org","@graph":[{"@type":"WebPage","@id":"https:\/\/bl-consultants.net\/geschaeftsprozesse\/","url":"https:\/\/bl-consultants.net\/geschaeftsprozesse\/","name":"Prozessmanagement - Burkhard Lahr Consultants","isPartOf":{"@id":"https:\/\/bl-consultants.net\/#website"},"primaryImageOfPage":{"@id":"https:\/\/bl-consultants.net\/geschaeftsprozesse\/#primaryimage"},"image":{"@id":"https:\/\/bl-consultants.net\/geschaeftsprozesse\/#primaryimage"},"thumbnailUrl":"http:\/\/bl-consultants.net\/wp-content\/uploads\/2025\/01\/AdobeStock_503006152-1024x510.webp","datePublished":"2024-07-19T12:43:21+00:00","dateModified":"2025-01-16T13:37:19+00:00","breadcrumb":{"@id":"https:\/\/bl-consultants.net\/geschaeftsprozesse\/#breadcrumb"},"inLanguage":"en-US","potentialAction":[{"@type":"ReadAction","target":["https:\/\/bl-consultants.net\/geschaeftsprozesse\/"]}]},{"@type":"ImageObject","inLanguage":"en-US","@id":"https:\/\/bl-consultants.net\/geschaeftsprozesse\/#primaryimage","url":"http:\/\/bl-consultants.net\/wp-content\/uploads\/2025\/01\/AdobeStock_503006152-1024x510.webp","contentUrl":"http:\/\/bl-consultants.net\/wp-content\/uploads\/2025\/01\/AdobeStock_503006152-1024x510.webp"},{"@type":"BreadcrumbList","@id":"https:\/\/bl-consultants.net\/geschaeftsprozesse\/#breadcrumb","itemListElement":[{"@type":"ListItem","position":1,"name":"Startseite","item":"https:\/\/bl-consultants.net\/"},{"@type":"ListItem","position":2,"name":"Prozessmanagement"}]},{"@type":"WebSite","@id":"https:\/\/bl-consultants.net\/#website","url":"https:\/\/bl-consultants.net\/","name":"Burkhard Lahr Consultants","description":"","publisher":{"@id":"https:\/\/bl-consultants.net\/#organization"},"potentialAction":[{"@type":"SearchAction","target":{"@type":"EntryPoint","urlTemplate":"https:\/\/bl-consultants.net\/?s={search_term_string}"},"query-input":{"@type":"PropertyValueSpecification","valueRequired":true,"valueName":"search_term_string"}}],"inLanguage":"en-US"},{"@type":"Organization","@id":"https:\/\/bl-consultants.net\/#organization","name":"Burkhard Lahr Consultants","url":"https:\/\/bl-consultants.net\/","logo":{"@type":"ImageObject","inLanguage":"en-US","@id":"https:\/\/bl-consultants.net\/#\/schema\/logo\/image\/","url":"https:\/\/bl-consultants.net\/wp-content\/uploads\/2024\/02\/cropped-BLC-Logo-weiss-auf-rot.png","contentUrl":"https:\/\/bl-consultants.net\/wp-content\/uploads\/2024\/02\/cropped-BLC-Logo-weiss-auf-rot.png","width":512,"height":512,"caption":"Burkhard Lahr Consultants"},"image":{"@id":"https:\/\/bl-consultants.net\/#\/schema\/logo\/image\/"},"sameAs":["https:\/\/linkedin.com\/yoast"]}]}},"_links":{"self":[{"href":"https:\/\/bl-consultants.net\/en\/wp-json\/wp\/v2\/pages\/157","targetHints":{"allow":["GET"]}}],"collection":[{"href":"https:\/\/bl-consultants.net\/en\/wp-json\/wp\/v2\/pages"}],"about":[{"href":"https:\/\/bl-consultants.net\/en\/wp-json\/wp\/v2\/types\/page"}],"author":[{"embeddable":true,"href":"https:\/\/bl-consultants.net\/en\/wp-json\/wp\/v2\/users\/1"}],"replies":[{"embeddable":true,"href":"https:\/\/bl-consultants.net\/en\/wp-json\/wp\/v2\/comments?post=157"}],"version-history":[{"count":9,"href":"https:\/\/bl-consultants.net\/en\/wp-json\/wp\/v2\/pages\/157\/revisions"}],"predecessor-version":[{"id":728,"href":"https:\/\/bl-consultants.net\/en\/wp-json\/wp\/v2\/pages\/157\/revisions\/728"}],"wp:attachment":[{"href":"https:\/\/bl-consultants.net\/en\/wp-json\/wp\/v2\/media?parent=157"}],"curies":[{"name":"wp","href":"https:\/\/api.w.org\/{rel}","templated":true}]}}