{"id":161,"date":"2024-07-19T12:42:50","date_gmt":"2024-07-19T12:42:50","guid":{"rendered":"http:\/\/bl-consultants.net\/?page_id=161"},"modified":"2025-01-16T08:39:10","modified_gmt":"2025-01-16T08:39:10","slug":"change-management","status":"publish","type":"page","link":"https:\/\/bl-consultants.net\/en\/change-management\/","title":{"rendered":"Change Management"},"content":{"rendered":"<figure class=\"wp-block-image size-large\"><img loading=\"lazy\" decoding=\"async\" width=\"1024\" height=\"341\" src=\"http:\/\/bl-consultants.net\/wp-content\/uploads\/2025\/01\/AdobeStock_287650416-1024x341.webp\" alt=\"\" class=\"wp-image-516\" srcset=\"https:\/\/bl-consultants.net\/wp-content\/uploads\/2025\/01\/AdobeStock_287650416-1024x341.webp 1024w, https:\/\/bl-consultants.net\/wp-content\/uploads\/2025\/01\/AdobeStock_287650416-300x100.webp 300w, https:\/\/bl-consultants.net\/wp-content\/uploads\/2025\/01\/AdobeStock_287650416-768x256.webp 768w, https:\/\/bl-consultants.net\/wp-content\/uploads\/2025\/01\/AdobeStock_287650416-1536x512.webp 1536w, https:\/\/bl-consultants.net\/wp-content\/uploads\/2025\/01\/AdobeStock_287650416-2048x683.webp 2048w, https:\/\/bl-consultants.net\/wp-content\/uploads\/2025\/01\/AdobeStock_287650416-18x6.webp 18w\" sizes=\"auto, (max-width: 767px) 89vw, (max-width: 1000px) 54vw, (max-width: 1071px) 543px, 580px\" \/><\/figure>\n\n\n\n<p>Change Management ist die <strong>systematische Planung, Umsetzung <\/strong>und<strong> Begleitung von Ver\u00e4nderungen in Organisationen<\/strong>. Es dient dazu, Unternehmen bei der Anpassung an neue Marktanforderungen, technologische Fortschritte oder interne Restrukturierungen zu unterst\u00fctzen. Ziel ist es, <strong>Strukturen<\/strong>, <strong>Prozesse<\/strong> und <strong>Denkweisen<\/strong> nachhaltig zu <strong>transformieren<\/strong>, um Wettbewerbsvorteile zu sichern und zuk\u00fcnftige Herausforderungen erfolgreich zu meistern.<\/p>\n\n\n\n<p>Ein gezieltes Change Management <strong>minimiert Widerst\u00e4nde<\/strong>, <strong>f\u00f6rdert die Akzeptanz<\/strong> neuer Prozesse und schafft die <strong>Grundlage f\u00fcr einen reibungslosen \u00dcbergang<\/strong> in den angestrebten Zielzustand. Dabei stehen sowohl die <strong>Bed\u00fcrfnisse<\/strong> des Unternehmens als auch die der Mitarbeitenden im Mittelpunkt. Durch fr\u00fchzeitige Einbindung <strong>aller Beteiligten<\/strong> und <strong>klare Kommunikationsstrategien<\/strong> wird nicht nur das Risiko von Umsetzungsfehlern reduziert, sondern auch das Engagement der Belegschaft gest\u00e4rkt.<\/p>\n\n\n\n<p>Als Change Management Berater <strong>unterst\u00fctzen<\/strong> wir Unternehmen dabei, den Wandel <strong>effektiv<\/strong> und <strong>nachhaltig<\/strong> zu gestalten. <strong>Gemeinsam<\/strong> entwickeln wir einen individuellen, auf Ihre Organisation zugeschnittenen Ansatz, der Ihre <strong>Ziele<\/strong> klar definiert und den <strong>Weg<\/strong> dorthin strukturiert aufzeigt. Dabei setzen wir auf <strong>bew\u00e4hrte Methoden<\/strong>, kombiniert mit kreativen, <strong>modernen Strategien<\/strong>, um eine <strong><a href=\"http:\/\/bl-consultants.net\/en\/agiles-transformations-management\/\" data-type=\"page\" data-id=\"159\">zukunftssichere Transformation<\/a><\/strong> sicherzustellen.<\/p>\n\n\n\n<p>Ein zentraler Bestandteil unserer Arbeit ist die <strong>Zusammenarbeit<\/strong> mit F\u00fchrungskr\u00e4ften und Teams, um eine <strong>Kultur der Offenheit<\/strong> und des Wachstums zu f\u00f6rdern. Durch gezielte Workshops, Schulungen und <strong>Change-Strategien<\/strong> wird nicht nur die <strong>Umsetzung<\/strong> neuer Prozesse erleichtert, sondern auch das Vertrauen und die <strong>Motivation<\/strong> aller Beteiligten gest\u00e4rkt. Unser Ziel ist es, den <strong>Wandel als Chance <\/strong>zu nutzen und Sie dabei zu unterst\u00fctzen, Ihre Organisation noch erfolgreicher und widerstandsf\u00e4higer zu machen.<\/p>\n\n\n\n<p>Mit diesem Ansatz m\u00f6chten wir uns als Ihr Partner f\u00fcr <strong>Ver\u00e4nderung<\/strong> positionieren \u2013 und helfen Ihnen, die <strong>Potenziale<\/strong> Ihres Unternehmens voll auszusch\u00f6pfen.<\/p>\n\n\n\n<p class=\"has-vivid-red-color has-text-color has-link-color wp-elements-bd338677564e436a79fabe3defdf6584\">Wie k\u00f6nnen wir Ihnen helfen? info@bl-consultants.net<\/p>","protected":false},"excerpt":{"rendered":"<p>Change Management ist die systematische Planung, Umsetzung und Begleitung von Ver\u00e4nderungen in Organisationen. Es dient dazu, Unternehmen bei der Anpassung an neue Marktanforderungen, technologische Fortschritte oder interne Restrukturierungen zu unterst\u00fctzen. &hellip; <\/p>\n<p class=\"link-more\"><a href=\"https:\/\/bl-consultants.net\/en\/change-management\/\" class=\"more-link\">Continue reading<span class=\"screen-reader-text\"> &#8222;Change Management&#8220;<\/span><\/a><\/p>","protected":false},"author":1,"featured_media":0,"parent":0,"menu_order":0,"comment_status":"closed","ping_status":"closed","template":"","meta":{"footnotes":""},"class_list":["post-161","page","type-page","status-publish","hentry"],"yoast_head":"<!-- This site is optimized with the Yoast SEO plugin v26.8 - https:\/\/yoast.com\/product\/yoast-seo-wordpress\/ -->\n<title>Change Management - Burkhard Lahr Consultants<\/title>\n<meta name=\"robots\" content=\"index, follow, max-snippet:-1, max-image-preview:large, max-video-preview:-1\" \/>\n<link rel=\"canonical\" href=\"https:\/\/bl-consultants.net\/en\/change-management\/\" \/>\n<meta property=\"og:locale\" content=\"en_US\" \/>\n<meta property=\"og:type\" content=\"article\" \/>\n<meta property=\"og:title\" content=\"Change Management - Burkhard Lahr Consultants\" \/>\n<meta property=\"og:description\" content=\"Change Management ist die systematische Planung, Umsetzung und Begleitung von Ver\u00e4nderungen in Organisationen. Es dient dazu, Unternehmen bei der Anpassung an neue Marktanforderungen, technologische Fortschritte oder interne Restrukturierungen zu unterst\u00fctzen. &hellip; Continue reading &quot;Change Management&quot;\" \/>\n<meta property=\"og:url\" content=\"https:\/\/bl-consultants.net\/en\/change-management\/\" \/>\n<meta property=\"og:site_name\" content=\"Burkhard Lahr Consultants\" \/>\n<meta property=\"article:modified_time\" content=\"2025-01-16T08:39:10+00:00\" \/>\n<meta property=\"og:image\" content=\"https:\/\/bl-consultants.net\/wp-content\/uploads\/2025\/01\/AdobeStock_287650416-scaled.webp\" \/>\n\t<meta property=\"og:image:width\" content=\"2560\" \/>\n\t<meta property=\"og:image:height\" content=\"853\" \/>\n\t<meta property=\"og:image:type\" content=\"image\/jpeg\" \/>\n<meta name=\"twitter:card\" content=\"summary_large_image\" \/>\n<meta name=\"twitter:label1\" content=\"Est. reading time\" \/>\n\t<meta name=\"twitter:data1\" content=\"1 minute\" \/>\n<script type=\"application\/ld+json\" class=\"yoast-schema-graph\">{\"@context\":\"https:\/\/schema.org\",\"@graph\":[{\"@type\":\"WebPage\",\"@id\":\"https:\/\/bl-consultants.net\/change-management\/\",\"url\":\"https:\/\/bl-consultants.net\/change-management\/\",\"name\":\"Change Management - Burkhard Lahr Consultants\",\"isPartOf\":{\"@id\":\"https:\/\/bl-consultants.net\/#website\"},\"primaryImageOfPage\":{\"@id\":\"https:\/\/bl-consultants.net\/change-management\/#primaryimage\"},\"image\":{\"@id\":\"https:\/\/bl-consultants.net\/change-management\/#primaryimage\"},\"thumbnailUrl\":\"http:\/\/bl-consultants.net\/wp-content\/uploads\/2025\/01\/AdobeStock_287650416-1024x341.webp\",\"datePublished\":\"2024-07-19T12:42:50+00:00\",\"dateModified\":\"2025-01-16T08:39:10+00:00\",\"breadcrumb\":{\"@id\":\"https:\/\/bl-consultants.net\/change-management\/#breadcrumb\"},\"inLanguage\":\"en-US\",\"potentialAction\":[{\"@type\":\"ReadAction\",\"target\":[\"https:\/\/bl-consultants.net\/change-management\/\"]}]},{\"@type\":\"ImageObject\",\"inLanguage\":\"en-US\",\"@id\":\"https:\/\/bl-consultants.net\/change-management\/#primaryimage\",\"url\":\"http:\/\/bl-consultants.net\/wp-content\/uploads\/2025\/01\/AdobeStock_287650416-1024x341.webp\",\"contentUrl\":\"http:\/\/bl-consultants.net\/wp-content\/uploads\/2025\/01\/AdobeStock_287650416-1024x341.webp\"},{\"@type\":\"BreadcrumbList\",\"@id\":\"https:\/\/bl-consultants.net\/change-management\/#breadcrumb\",\"itemListElement\":[{\"@type\":\"ListItem\",\"position\":1,\"name\":\"Startseite\",\"item\":\"https:\/\/bl-consultants.net\/\"},{\"@type\":\"ListItem\",\"position\":2,\"name\":\"Change Management\"}]},{\"@type\":\"WebSite\",\"@id\":\"https:\/\/bl-consultants.net\/#website\",\"url\":\"https:\/\/bl-consultants.net\/\",\"name\":\"Burkhard Lahr Consultants\",\"description\":\"\",\"publisher\":{\"@id\":\"https:\/\/bl-consultants.net\/#organization\"},\"potentialAction\":[{\"@type\":\"SearchAction\",\"target\":{\"@type\":\"EntryPoint\",\"urlTemplate\":\"https:\/\/bl-consultants.net\/?s={search_term_string}\"},\"query-input\":{\"@type\":\"PropertyValueSpecification\",\"valueRequired\":true,\"valueName\":\"search_term_string\"}}],\"inLanguage\":\"en-US\"},{\"@type\":\"Organization\",\"@id\":\"https:\/\/bl-consultants.net\/#organization\",\"name\":\"Burkhard Lahr Consultants\",\"url\":\"https:\/\/bl-consultants.net\/\",\"logo\":{\"@type\":\"ImageObject\",\"inLanguage\":\"en-US\",\"@id\":\"https:\/\/bl-consultants.net\/#\/schema\/logo\/image\/\",\"url\":\"https:\/\/bl-consultants.net\/wp-content\/uploads\/2024\/02\/cropped-BLC-Logo-weiss-auf-rot.png\",\"contentUrl\":\"https:\/\/bl-consultants.net\/wp-content\/uploads\/2024\/02\/cropped-BLC-Logo-weiss-auf-rot.png\",\"width\":512,\"height\":512,\"caption\":\"Burkhard Lahr Consultants\"},\"image\":{\"@id\":\"https:\/\/bl-consultants.net\/#\/schema\/logo\/image\/\"},\"sameAs\":[\"https:\/\/linkedin.com\/yoast\"]}]}<\/script>\n<!-- \/ Yoast SEO plugin. -->","yoast_head_json":{"title":"Change Management - Burkhard Lahr Consultants","robots":{"index":"index","follow":"follow","max-snippet":"max-snippet:-1","max-image-preview":"max-image-preview:large","max-video-preview":"max-video-preview:-1"},"canonical":"https:\/\/bl-consultants.net\/en\/change-management\/","og_locale":"en_US","og_type":"article","og_title":"Change Management - Burkhard Lahr Consultants","og_description":"Change Management ist die systematische Planung, Umsetzung und Begleitung von Ver\u00e4nderungen in Organisationen. Es dient dazu, Unternehmen bei der Anpassung an neue Marktanforderungen, technologische Fortschritte oder interne Restrukturierungen zu unterst\u00fctzen. &hellip; Continue reading \"Change Management\"","og_url":"https:\/\/bl-consultants.net\/en\/change-management\/","og_site_name":"Burkhard Lahr Consultants","article_modified_time":"2025-01-16T08:39:10+00:00","og_image":[{"width":2560,"height":853,"url":"https:\/\/bl-consultants.net\/wp-content\/uploads\/2025\/01\/AdobeStock_287650416-scaled.webp","type":"image\/jpeg"}],"twitter_card":"summary_large_image","twitter_misc":{"Est. reading time":"1 minute"},"schema":{"@context":"https:\/\/schema.org","@graph":[{"@type":"WebPage","@id":"https:\/\/bl-consultants.net\/change-management\/","url":"https:\/\/bl-consultants.net\/change-management\/","name":"Change Management - Burkhard Lahr Consultants","isPartOf":{"@id":"https:\/\/bl-consultants.net\/#website"},"primaryImageOfPage":{"@id":"https:\/\/bl-consultants.net\/change-management\/#primaryimage"},"image":{"@id":"https:\/\/bl-consultants.net\/change-management\/#primaryimage"},"thumbnailUrl":"http:\/\/bl-consultants.net\/wp-content\/uploads\/2025\/01\/AdobeStock_287650416-1024x341.webp","datePublished":"2024-07-19T12:42:50+00:00","dateModified":"2025-01-16T08:39:10+00:00","breadcrumb":{"@id":"https:\/\/bl-consultants.net\/change-management\/#breadcrumb"},"inLanguage":"en-US","potentialAction":[{"@type":"ReadAction","target":["https:\/\/bl-consultants.net\/change-management\/"]}]},{"@type":"ImageObject","inLanguage":"en-US","@id":"https:\/\/bl-consultants.net\/change-management\/#primaryimage","url":"http:\/\/bl-consultants.net\/wp-content\/uploads\/2025\/01\/AdobeStock_287650416-1024x341.webp","contentUrl":"http:\/\/bl-consultants.net\/wp-content\/uploads\/2025\/01\/AdobeStock_287650416-1024x341.webp"},{"@type":"BreadcrumbList","@id":"https:\/\/bl-consultants.net\/change-management\/#breadcrumb","itemListElement":[{"@type":"ListItem","position":1,"name":"Startseite","item":"https:\/\/bl-consultants.net\/"},{"@type":"ListItem","position":2,"name":"Change Management"}]},{"@type":"WebSite","@id":"https:\/\/bl-consultants.net\/#website","url":"https:\/\/bl-consultants.net\/","name":"Burkhard Lahr Consultants","description":"","publisher":{"@id":"https:\/\/bl-consultants.net\/#organization"},"potentialAction":[{"@type":"SearchAction","target":{"@type":"EntryPoint","urlTemplate":"https:\/\/bl-consultants.net\/?s={search_term_string}"},"query-input":{"@type":"PropertyValueSpecification","valueRequired":true,"valueName":"search_term_string"}}],"inLanguage":"en-US"},{"@type":"Organization","@id":"https:\/\/bl-consultants.net\/#organization","name":"Burkhard Lahr Consultants","url":"https:\/\/bl-consultants.net\/","logo":{"@type":"ImageObject","inLanguage":"en-US","@id":"https:\/\/bl-consultants.net\/#\/schema\/logo\/image\/","url":"https:\/\/bl-consultants.net\/wp-content\/uploads\/2024\/02\/cropped-BLC-Logo-weiss-auf-rot.png","contentUrl":"https:\/\/bl-consultants.net\/wp-content\/uploads\/2024\/02\/cropped-BLC-Logo-weiss-auf-rot.png","width":512,"height":512,"caption":"Burkhard Lahr Consultants"},"image":{"@id":"https:\/\/bl-consultants.net\/#\/schema\/logo\/image\/"},"sameAs":["https:\/\/linkedin.com\/yoast"]}]}},"_links":{"self":[{"href":"https:\/\/bl-consultants.net\/en\/wp-json\/wp\/v2\/pages\/161","targetHints":{"allow":["GET"]}}],"collection":[{"href":"https:\/\/bl-consultants.net\/en\/wp-json\/wp\/v2\/pages"}],"about":[{"href":"https:\/\/bl-consultants.net\/en\/wp-json\/wp\/v2\/types\/page"}],"author":[{"embeddable":true,"href":"https:\/\/bl-consultants.net\/en\/wp-json\/wp\/v2\/users\/1"}],"replies":[{"embeddable":true,"href":"https:\/\/bl-consultants.net\/en\/wp-json\/wp\/v2\/comments?post=161"}],"version-history":[{"count":8,"href":"https:\/\/bl-consultants.net\/en\/wp-json\/wp\/v2\/pages\/161\/revisions"}],"predecessor-version":[{"id":700,"href":"https:\/\/bl-consultants.net\/en\/wp-json\/wp\/v2\/pages\/161\/revisions\/700"}],"wp:attachment":[{"href":"https:\/\/bl-consultants.net\/en\/wp-json\/wp\/v2\/media?parent=161"}],"curies":[{"name":"wp","href":"https:\/\/api.w.org\/{rel}","templated":true}]}}