{"id":98,"date":"2024-07-18T15:22:54","date_gmt":"2024-07-18T15:22:54","guid":{"rendered":"http:\/\/bl-consultants.net\/?page_id=98"},"modified":"2025-01-22T12:19:37","modified_gmt":"2025-01-22T12:19:37","slug":"willkommen-bei-bl-consultants","status":"publish","type":"page","link":"https:\/\/bl-consultants.net\/en\/","title":{"rendered":"Unsere DNA"},"content":{"rendered":"<div class=\"wp-block-image\">\n<figure class=\"alignleft size-full is-resized\"><img loading=\"lazy\" decoding=\"async\" width=\"149\" height=\"153\" src=\"http:\/\/bl-consultants.net\/wp-content\/uploads\/2024\/02\/BLC-Logo-rot-auf-weiss.png\" alt=\"\" class=\"wp-image-10\" style=\"width:75px;height:auto\"\/><\/figure><\/div>\n\n\n<p class=\"has-black-color has-text-color has-link-color wp-elements-ae9f88a87fdad5b426d75563056348a9\">Mit Burkhard Lahr Consultants entscheiden Sie sich f\u00fcr ein Team aus echten Menschen, die eines verbindet: Leidenschaft f\u00fcr L\u00f6sungen, die wirklich wirken. Kein \u201eBeratersprech\u201c, keine leeren Phrasen \u2013 bei uns z\u00e4hlen Klarheit, Verstand und Empathie. Unsere Expertise basiert auf jahrzehntelanger Praxiserfahrung in vielf\u00e4ltigen Unternehmen und Projekten. Wir sehen, was oft \u00fcbersehen wird, und entwickeln Wege, die funktionieren \u2013 nicht nur in der Theorie, sondern in Ihrer Realit\u00e4t.<\/p>\n\n\n\n<p class=\"has-black-color has-text-color has-link-color wp-elements-9422f09ba91a26eb0c1c0be1153033e7\">Wir starten dort, wo Sie stehen, und begleiten Sie mit pragmatischer Beratung, die Ihre Ziele in greifbare Erfolge verwandelt. Visionen leben von Menschen, die sie mitgestalten. Und genau daf\u00fcr stehen wir bei <strong>Burkhard Lahr Consultants<\/strong>.<\/p>\n\n\n\n<div class=\"wp-block-columns is-layout-flex wp-container-core-columns-is-layout-1 wp-block-columns-is-layout-flex\">\n<div class=\"wp-block-column is-layout-flow wp-block-column-is-layout-flow\"><\/div>\n\n\n\n<div class=\"wp-block-column is-layout-flow wp-block-column-is-layout-flow\"><\/div>\n<\/div>\n\n\n\n<div class=\"wp-block-columns is-layout-flex wp-container-core-columns-is-layout-2 wp-block-columns-is-layout-flex\">\n<div class=\"wp-block-column is-layout-flow wp-block-column-is-layout-flow\"><\/div>\n\n\n\n<div class=\"wp-block-column is-layout-flow wp-block-column-is-layout-flow\"><\/div>\n<\/div>\n\n\n\n<p><\/p>","protected":false},"excerpt":{"rendered":"<p>Mit Burkhard Lahr Consultants entscheiden Sie sich f\u00fcr ein Team aus echten Menschen, die eines verbindet: Leidenschaft f\u00fcr L\u00f6sungen, die wirklich wirken. Kein \u201eBeratersprech\u201c, keine leeren Phrasen \u2013 bei uns &hellip; <\/p>\n<p class=\"link-more\"><a href=\"https:\/\/bl-consultants.net\/en\/\" class=\"more-link\">Continue reading<span class=\"screen-reader-text\"> &#8222;Unsere DNA&#8220;<\/span><\/a><\/p>","protected":false},"author":1,"featured_media":0,"parent":0,"menu_order":0,"comment_status":"closed","ping_status":"closed","template":"","meta":{"footnotes":""},"class_list":["post-98","page","type-page","status-publish","hentry"],"yoast_head":"<!-- This site is optimized with the Yoast SEO plugin v26.8 - https:\/\/yoast.com\/product\/yoast-seo-wordpress\/ -->\n<title>Unsere DNA - Burkhard Lahr Consultants<\/title>\n<meta name=\"robots\" content=\"index, follow, max-snippet:-1, max-image-preview:large, max-video-preview:-1\" \/>\n<link rel=\"canonical\" href=\"https:\/\/bl-consultants.net\/en\/\" \/>\n<meta property=\"og:locale\" content=\"en_US\" \/>\n<meta property=\"og:type\" content=\"article\" \/>\n<meta property=\"og:title\" content=\"Unsere DNA - Burkhard Lahr Consultants\" \/>\n<meta property=\"og:description\" content=\"Mit Burkhard Lahr Consultants entscheiden Sie sich f\u00fcr ein Team aus echten Menschen, die eines verbindet: Leidenschaft f\u00fcr L\u00f6sungen, die wirklich wirken. Kein \u201eBeratersprech\u201c, keine leeren Phrasen \u2013 bei uns &hellip; Continue reading &quot;Unsere DNA&quot;\" \/>\n<meta property=\"og:url\" content=\"https:\/\/bl-consultants.net\/en\/\" \/>\n<meta property=\"og:site_name\" content=\"Burkhard Lahr Consultants\" \/>\n<meta property=\"article:modified_time\" content=\"2025-01-22T12:19:37+00:00\" \/>\n<meta property=\"og:image\" content=\"https:\/\/bl-consultants.net\/wp-content\/uploads\/2024\/02\/BLC-Logo-rot-auf-weiss.png\" \/>\n\t<meta property=\"og:image:width\" content=\"149\" \/>\n\t<meta property=\"og:image:height\" content=\"153\" \/>\n\t<meta property=\"og:image:type\" content=\"image\/png\" \/>\n<meta name=\"twitter:card\" content=\"summary_large_image\" \/>\n<meta name=\"twitter:label1\" content=\"Est. reading time\" \/>\n\t<meta name=\"twitter:data1\" content=\"1 minute\" \/>\n<script type=\"application\/ld+json\" class=\"yoast-schema-graph\">{\"@context\":\"https:\/\/schema.org\",\"@graph\":[{\"@type\":\"WebPage\",\"@id\":\"https:\/\/bl-consultants.net\/\",\"url\":\"https:\/\/bl-consultants.net\/\",\"name\":\"Unsere DNA - Burkhard Lahr Consultants\",\"isPartOf\":{\"@id\":\"https:\/\/bl-consultants.net\/#website\"},\"primaryImageOfPage\":{\"@id\":\"https:\/\/bl-consultants.net\/#primaryimage\"},\"image\":{\"@id\":\"https:\/\/bl-consultants.net\/#primaryimage\"},\"thumbnailUrl\":\"http:\/\/bl-consultants.net\/wp-content\/uploads\/2024\/02\/BLC-Logo-rot-auf-weiss.png\",\"datePublished\":\"2024-07-18T15:22:54+00:00\",\"dateModified\":\"2025-01-22T12:19:37+00:00\",\"breadcrumb\":{\"@id\":\"https:\/\/bl-consultants.net\/#breadcrumb\"},\"inLanguage\":\"en-US\",\"potentialAction\":[{\"@type\":\"ReadAction\",\"target\":[\"https:\/\/bl-consultants.net\/\"]}]},{\"@type\":\"ImageObject\",\"inLanguage\":\"en-US\",\"@id\":\"https:\/\/bl-consultants.net\/#primaryimage\",\"url\":\"http:\/\/bl-consultants.net\/wp-content\/uploads\/2024\/02\/BLC-Logo-rot-auf-weiss.png\",\"contentUrl\":\"http:\/\/bl-consultants.net\/wp-content\/uploads\/2024\/02\/BLC-Logo-rot-auf-weiss.png\"},{\"@type\":\"BreadcrumbList\",\"@id\":\"https:\/\/bl-consultants.net\/#breadcrumb\",\"itemListElement\":[{\"@type\":\"ListItem\",\"position\":1,\"name\":\"Startseite\",\"item\":\"https:\/\/bl-consultants.net\/\"},{\"@type\":\"ListItem\",\"position\":2,\"name\":\"Unsere DNA\"}]},{\"@type\":\"WebSite\",\"@id\":\"https:\/\/bl-consultants.net\/#website\",\"url\":\"https:\/\/bl-consultants.net\/\",\"name\":\"Burkhard Lahr Consultants\",\"description\":\"\",\"publisher\":{\"@id\":\"https:\/\/bl-consultants.net\/#organization\"},\"potentialAction\":[{\"@type\":\"SearchAction\",\"target\":{\"@type\":\"EntryPoint\",\"urlTemplate\":\"https:\/\/bl-consultants.net\/?s={search_term_string}\"},\"query-input\":{\"@type\":\"PropertyValueSpecification\",\"valueRequired\":true,\"valueName\":\"search_term_string\"}}],\"inLanguage\":\"en-US\"},{\"@type\":\"Organization\",\"@id\":\"https:\/\/bl-consultants.net\/#organization\",\"name\":\"Burkhard Lahr Consultants\",\"url\":\"https:\/\/bl-consultants.net\/\",\"logo\":{\"@type\":\"ImageObject\",\"inLanguage\":\"en-US\",\"@id\":\"https:\/\/bl-consultants.net\/#\/schema\/logo\/image\/\",\"url\":\"https:\/\/bl-consultants.net\/wp-content\/uploads\/2024\/02\/cropped-BLC-Logo-weiss-auf-rot.png\",\"contentUrl\":\"https:\/\/bl-consultants.net\/wp-content\/uploads\/2024\/02\/cropped-BLC-Logo-weiss-auf-rot.png\",\"width\":512,\"height\":512,\"caption\":\"Burkhard Lahr Consultants\"},\"image\":{\"@id\":\"https:\/\/bl-consultants.net\/#\/schema\/logo\/image\/\"},\"sameAs\":[\"https:\/\/linkedin.com\/yoast\"]}]}<\/script>\n<!-- \/ Yoast SEO plugin. -->","yoast_head_json":{"title":"Unsere DNA - Burkhard Lahr Consultants","robots":{"index":"index","follow":"follow","max-snippet":"max-snippet:-1","max-image-preview":"max-image-preview:large","max-video-preview":"max-video-preview:-1"},"canonical":"https:\/\/bl-consultants.net\/en\/","og_locale":"en_US","og_type":"article","og_title":"Unsere DNA - Burkhard Lahr Consultants","og_description":"Mit Burkhard Lahr Consultants entscheiden Sie sich f\u00fcr ein Team aus echten Menschen, die eines verbindet: Leidenschaft f\u00fcr L\u00f6sungen, die wirklich wirken. Kein \u201eBeratersprech\u201c, keine leeren Phrasen \u2013 bei uns &hellip; Continue reading \"Unsere DNA\"","og_url":"https:\/\/bl-consultants.net\/en\/","og_site_name":"Burkhard Lahr Consultants","article_modified_time":"2025-01-22T12:19:37+00:00","og_image":[{"width":149,"height":153,"url":"https:\/\/bl-consultants.net\/wp-content\/uploads\/2024\/02\/BLC-Logo-rot-auf-weiss.png","type":"image\/png"}],"twitter_card":"summary_large_image","twitter_misc":{"Est. reading time":"1 minute"},"schema":{"@context":"https:\/\/schema.org","@graph":[{"@type":"WebPage","@id":"https:\/\/bl-consultants.net\/","url":"https:\/\/bl-consultants.net\/","name":"Unsere DNA - Burkhard Lahr Consultants","isPartOf":{"@id":"https:\/\/bl-consultants.net\/#website"},"primaryImageOfPage":{"@id":"https:\/\/bl-consultants.net\/#primaryimage"},"image":{"@id":"https:\/\/bl-consultants.net\/#primaryimage"},"thumbnailUrl":"http:\/\/bl-consultants.net\/wp-content\/uploads\/2024\/02\/BLC-Logo-rot-auf-weiss.png","datePublished":"2024-07-18T15:22:54+00:00","dateModified":"2025-01-22T12:19:37+00:00","breadcrumb":{"@id":"https:\/\/bl-consultants.net\/#breadcrumb"},"inLanguage":"en-US","potentialAction":[{"@type":"ReadAction","target":["https:\/\/bl-consultants.net\/"]}]},{"@type":"ImageObject","inLanguage":"en-US","@id":"https:\/\/bl-consultants.net\/#primaryimage","url":"http:\/\/bl-consultants.net\/wp-content\/uploads\/2024\/02\/BLC-Logo-rot-auf-weiss.png","contentUrl":"http:\/\/bl-consultants.net\/wp-content\/uploads\/2024\/02\/BLC-Logo-rot-auf-weiss.png"},{"@type":"BreadcrumbList","@id":"https:\/\/bl-consultants.net\/#breadcrumb","itemListElement":[{"@type":"ListItem","position":1,"name":"Startseite","item":"https:\/\/bl-consultants.net\/"},{"@type":"ListItem","position":2,"name":"Unsere DNA"}]},{"@type":"WebSite","@id":"https:\/\/bl-consultants.net\/#website","url":"https:\/\/bl-consultants.net\/","name":"Burkhard Lahr Consultants","description":"","publisher":{"@id":"https:\/\/bl-consultants.net\/#organization"},"potentialAction":[{"@type":"SearchAction","target":{"@type":"EntryPoint","urlTemplate":"https:\/\/bl-consultants.net\/?s={search_term_string}"},"query-input":{"@type":"PropertyValueSpecification","valueRequired":true,"valueName":"search_term_string"}}],"inLanguage":"en-US"},{"@type":"Organization","@id":"https:\/\/bl-consultants.net\/#organization","name":"Burkhard Lahr Consultants","url":"https:\/\/bl-consultants.net\/","logo":{"@type":"ImageObject","inLanguage":"en-US","@id":"https:\/\/bl-consultants.net\/#\/schema\/logo\/image\/","url":"https:\/\/bl-consultants.net\/wp-content\/uploads\/2024\/02\/cropped-BLC-Logo-weiss-auf-rot.png","contentUrl":"https:\/\/bl-consultants.net\/wp-content\/uploads\/2024\/02\/cropped-BLC-Logo-weiss-auf-rot.png","width":512,"height":512,"caption":"Burkhard Lahr Consultants"},"image":{"@id":"https:\/\/bl-consultants.net\/#\/schema\/logo\/image\/"},"sameAs":["https:\/\/linkedin.com\/yoast"]}]}},"_links":{"self":[{"href":"https:\/\/bl-consultants.net\/en\/wp-json\/wp\/v2\/pages\/98","targetHints":{"allow":["GET"]}}],"collection":[{"href":"https:\/\/bl-consultants.net\/en\/wp-json\/wp\/v2\/pages"}],"about":[{"href":"https:\/\/bl-consultants.net\/en\/wp-json\/wp\/v2\/types\/page"}],"author":[{"embeddable":true,"href":"https:\/\/bl-consultants.net\/en\/wp-json\/wp\/v2\/users\/1"}],"replies":[{"embeddable":true,"href":"https:\/\/bl-consultants.net\/en\/wp-json\/wp\/v2\/comments?post=98"}],"version-history":[{"count":14,"href":"https:\/\/bl-consultants.net\/en\/wp-json\/wp\/v2\/pages\/98\/revisions"}],"predecessor-version":[{"id":797,"href":"https:\/\/bl-consultants.net\/en\/wp-json\/wp\/v2\/pages\/98\/revisions\/797"}],"wp:attachment":[{"href":"https:\/\/bl-consultants.net\/en\/wp-json\/wp\/v2\/media?parent=98"}],"curies":[{"name":"wp","href":"https:\/\/api.w.org\/{rel}","templated":true}]}}